{"id":102220,"date":"2026-04-17T04:01:35","date_gmt":"2026-04-17T02:01:35","guid":{"rendered":"https:\/\/hantom.ch\/product\/e0515401-jonction-de-transition-hybride-20-kv-amv-m-makuw24-2-1-3x95-300s1\/"},"modified":"2025-04-23T08:46:08","modified_gmt":"2025-04-23T06:46:08","slug":"e0515401-jonction-de-transition-hybride-20-kv-amv-m-makuw24-2-1-3x95-300s1","status":"publish","type":"product","link":"https:\/\/hantom.ch\/fr\/produit\/e0515401-jonction-de-transition-hybride-20-kv-amv-m-makuw24-2-1-3x95-300s1\/","title":{"rendered":"E0515401 &#8211; Jonction de transition hybride 20 kV AMV-M-MAKUW24.2\/1\/3&#215;95-300S(1)"},"content":{"rendered":"<p>Jonction de transition r\u00e9tractable \u00e0 froid<br \/>sur c\u00e2ble synth\u00e9tique 3x1x95\u2026300 mm2 &#8211; <br \/>c\u00e2ble papier plomb 3&#215;95\u2026300 mm2 24 kV<br \/>cosse \u00e0 visser 3x1x95\u2026300 mm2, conducteur Al ou Cu <br \/>\u00d8 isolaton: 23.0\u202638.0 mm<br \/>Unit\u00e9 : 1 kit pour 3 phases<\/p>\n","protected":false},"excerpt":{"rendered":"<p>Jonction de transition r\u00e9tractable \u00e0 froidsur c\u00e2ble synth\u00e9tique 3x1x95\u2026300 mm2 &#8211; c\u00e2ble papier plomb 3&#215;95\u2026300 mm2 24 kVcosse \u00e0 visser 3x1x95\u2026300 mm2, conducteur Al ou Cu \u00d8 isolaton: 23.0\u202638.0 mmUnit\u00e9 : 1 kit pour 3 phases<\/p>\n","protected":false},"featured_media":32440,"template":"","meta":[],"product_brand":[],"product_cat":[1065,1230,1226,1167],"product_tag":[],"class_list":{"0":"post-102220","1":"product","2":"type-product","3":"status-publish","4":"has-post-thumbnail","6":"product_cat-e-fr","7":"product_cat-e05154-fr","8":"product_cat-e0515-fr","9":"product_cat-e05-fr","11":"first","12":"instock","13":"taxable","14":"shipping-taxable","15":"purchasable","16":"product-type-simple"},"_links":{"self":[{"href":"https:\/\/hantom.ch\/fr\/wp-json\/wp\/v2\/product\/102220","targetHints":{"allow":["GET"]}}],"collection":[{"href":"https:\/\/hantom.ch\/fr\/wp-json\/wp\/v2\/product"}],"about":[{"href":"https:\/\/hantom.ch\/fr\/wp-json\/wp\/v2\/types\/product"}],"wp:featuredmedia":[{"embeddable":true,"href":"https:\/\/hantom.ch\/fr\/wp-json\/wp\/v2\/media\/32440"}],"wp:attachment":[{"href":"https:\/\/hantom.ch\/fr\/wp-json\/wp\/v2\/media?parent=102220"}],"wp:term":[{"taxonomy":"product_brand","embeddable":true,"href":"https:\/\/hantom.ch\/fr\/wp-json\/wp\/v2\/product_brand?post=102220"},{"taxonomy":"product_cat","embeddable":true,"href":"https:\/\/hantom.ch\/fr\/wp-json\/wp\/v2\/product_cat?post=102220"},{"taxonomy":"product_tag","embeddable":true,"href":"https:\/\/hantom.ch\/fr\/wp-json\/wp\/v2\/product_tag?post=102220"}],"curies":[{"name":"wp","href":"https:\/\/api.w.org\/{rel}","templated":true}]}}