{"id":102224,"date":"2026-04-20T04:02:06","date_gmt":"2026-04-20T02:02:06","guid":{"rendered":"https:\/\/hantom.ch\/product\/e0515506-jonction-thermoretractable-24-kv-jts1-630w-1x-400-630s1\/"},"modified":"2025-04-23T08:46:10","modified_gmt":"2025-04-23T06:46:10","slug":"e0515506-jonction-thermoretractable-24-kv-jts1-630w-1x-400-630s1","status":"publish","type":"product","link":"https:\/\/hantom.ch\/fr\/produit\/e0515506-jonction-thermoretractable-24-kv-jts1-630w-1x-400-630s1\/","title":{"rendered":"E0515506 &#8211; Jonction thermor\u00e9tractable &#8211; 24 kV JTS1.630W 1x 400-630S1)"},"content":{"rendered":"<p>Jonction thermor\u00e9tractable &#8211; 24 kV<br \/>incl. connecteur \u00e0 vis GPH 400-630<br \/>Diam\u00e8tre au-dessus de l&apos;isolation des fils min. 31.1- max. 45.0<br \/>avec gaine tress\u00e9e en cuivre, pour c\u00e2ble synth\u00e9tique MT<br \/>avec blindage par ruban, tube ou fil m\u00e9tallique <\/p>\n","protected":false},"excerpt":{"rendered":"<p>Jonction thermor\u00e9tractable &#8211; 24 kVincl. connecteur \u00e0 vis GPH 400-630Diam\u00e8tre au-dessus de l&apos;isolation des fils min. 31.1- max. 45.0avec gaine tress\u00e9e en cuivre, pour c\u00e2ble synth\u00e9tique MTavec blindage par ruban, tube ou fil m\u00e9tallique<\/p>\n","protected":false},"featured_media":56030,"template":"","meta":[],"product_brand":[],"product_cat":[1065,1226,1231,1167],"product_tag":[],"class_list":{"0":"post-102224","1":"product","2":"type-product","3":"status-publish","4":"has-post-thumbnail","6":"product_cat-e-fr","7":"product_cat-e0515-fr","8":"product_cat-e05155-fr","9":"product_cat-e05-fr","11":"first","12":"instock","13":"taxable","14":"shipping-taxable","15":"purchasable","16":"product-type-simple"},"_links":{"self":[{"href":"https:\/\/hantom.ch\/fr\/wp-json\/wp\/v2\/product\/102224","targetHints":{"allow":["GET"]}}],"collection":[{"href":"https:\/\/hantom.ch\/fr\/wp-json\/wp\/v2\/product"}],"about":[{"href":"https:\/\/hantom.ch\/fr\/wp-json\/wp\/v2\/types\/product"}],"wp:featuredmedia":[{"embeddable":true,"href":"https:\/\/hantom.ch\/fr\/wp-json\/wp\/v2\/media\/56030"}],"wp:attachment":[{"href":"https:\/\/hantom.ch\/fr\/wp-json\/wp\/v2\/media?parent=102224"}],"wp:term":[{"taxonomy":"product_brand","embeddable":true,"href":"https:\/\/hantom.ch\/fr\/wp-json\/wp\/v2\/product_brand?post=102224"},{"taxonomy":"product_cat","embeddable":true,"href":"https:\/\/hantom.ch\/fr\/wp-json\/wp\/v2\/product_cat?post=102224"},{"taxonomy":"product_tag","embeddable":true,"href":"https:\/\/hantom.ch\/fr\/wp-json\/wp\/v2\/product_tag?post=102224"}],"curies":[{"name":"wp","href":"https:\/\/api.w.org\/{rel}","templated":true}]}}