{"id":102230,"date":"2026-04-17T04:01:49","date_gmt":"2026-04-17T02:01:49","guid":{"rendered":"https:\/\/hantom.ch\/product\/e0515604-jonction-de-transition-thermoretractable-20-kv-1-plomb-24-gtm3-1-240whscm-16-95al70cu-95-240-12-20-kv\/"},"modified":"2025-04-23T08:46:11","modified_gmt":"2025-04-23T06:46:11","slug":"e0515604-jonction-de-transition-thermoretractable-20-kv-1-plomb-24-gtm3-1-240whscm-16-95al70cu-95-240-12-20-kv","status":"publish","type":"product","link":"https:\/\/hantom.ch\/fr\/produit\/e0515604-jonction-de-transition-thermoretractable-20-kv-1-plomb-24-gtm3-1-240whscm-16-95al70cu-95-240-12-20-kv\/","title":{"rendered":"E0515604 &#8211; Jonction de transition thermor\u00e9tractable 20 kV 1 plomb 24 GTM3.1.240(WH)+SCM 16.95AL(70Cu)-95.240 12\/20 kV"},"content":{"rendered":"<p>Manchon de transition thermor\u00e9tractable 12\/20 kV <br \/>pour c\u00e2ble de masse blind\u00e9 \u00e0 3 conducteurs (c\u00e2ble Hochst\u00e4dter) <br \/>sur c\u00e2ble synth\u00e9tique monoconducteur blindage m\u00e9tallique <br \/>y compris connecteur \u00e0 vis M95-240 mm2 <br \/>C\u00e2ble de masse : 20 kV, 3 x 95-240 mm2<br \/>C\u00e2ble synth\u00e9tique : 20 kV 3 x 1 x 95-240 mm2<br \/>Unit\u00e9 : 1 kit<\/p>\n","protected":false},"excerpt":{"rendered":"<p>Manchon de transition thermor\u00e9tractable 12\/20 kV pour c\u00e2ble de masse blind\u00e9 \u00e0 3 conducteurs (c\u00e2ble Hochst\u00e4dter) sur c\u00e2ble synth\u00e9tique monoconducteur blindage m\u00e9tallique y compris connecteur \u00e0 vis M95-240 mm2 C\u00e2ble de masse : 20 kV, 3 x 95-240 mm2C\u00e2ble synth\u00e9tique : 20 kV 3 x 1 x 95-240 mm2Unit\u00e9 : 1 kit<\/p>\n","protected":false},"featured_media":75866,"template":"","meta":[],"product_brand":[],"product_cat":[1065,1232,1226,1167],"product_tag":[],"class_list":{"0":"post-102230","1":"product","2":"type-product","3":"status-publish","4":"has-post-thumbnail","6":"product_cat-e-fr","7":"product_cat-e05156-fr","8":"product_cat-e0515-fr","9":"product_cat-e05-fr","11":"first","12":"instock","13":"taxable","14":"shipping-taxable","15":"purchasable","16":"product-type-simple"},"_links":{"self":[{"href":"https:\/\/hantom.ch\/fr\/wp-json\/wp\/v2\/product\/102230","targetHints":{"allow":["GET"]}}],"collection":[{"href":"https:\/\/hantom.ch\/fr\/wp-json\/wp\/v2\/product"}],"about":[{"href":"https:\/\/hantom.ch\/fr\/wp-json\/wp\/v2\/types\/product"}],"wp:featuredmedia":[{"embeddable":true,"href":"https:\/\/hantom.ch\/fr\/wp-json\/wp\/v2\/media\/75866"}],"wp:attachment":[{"href":"https:\/\/hantom.ch\/fr\/wp-json\/wp\/v2\/media?parent=102230"}],"wp:term":[{"taxonomy":"product_brand","embeddable":true,"href":"https:\/\/hantom.ch\/fr\/wp-json\/wp\/v2\/product_brand?post=102230"},{"taxonomy":"product_cat","embeddable":true,"href":"https:\/\/hantom.ch\/fr\/wp-json\/wp\/v2\/product_cat?post=102230"},{"taxonomy":"product_tag","embeddable":true,"href":"https:\/\/hantom.ch\/fr\/wp-json\/wp\/v2\/product_tag?post=102230"}],"curies":[{"name":"wp","href":"https:\/\/api.w.org\/{rel}","templated":true}]}}