{"id":102231,"date":"2026-04-15T04:03:02","date_gmt":"2026-04-15T02:03:02","guid":{"rendered":"https:\/\/hantom.ch\/product\/e0515622-jonction-de-transition-thermoretractable-24-kv-1-plomb-jtsu-3-1w-3x1x025-095s1\/"},"modified":"2025-04-23T08:46:12","modified_gmt":"2025-04-23T06:46:12","slug":"e0515622-jonction-de-transition-thermoretractable-24-kv-1-plomb-jtsu-3-1w-3x1x025-095s1","status":"publish","type":"product","link":"https:\/\/hantom.ch\/fr\/produit\/e0515622-jonction-de-transition-thermoretractable-24-kv-1-plomb-jtsu-3-1w-3x1x025-095s1\/","title":{"rendered":"E0515622 &#8211; Jonction de transition thermor\u00e9tractable 24 kV 1 plomb JTSU 3.1W 3x1x025-095S(1)"},"content":{"rendered":"<p>Jonction de transition thermor\u00e9tractable 24 kV<br \/>pour c\u00e2ble de masse blind\u00e9 \u00e0 3 conducteurs (c\u00e2ble Hochst\u00e4dter) <br \/>sur c\u00e2ble synth\u00e9tique monoconducteur blindage m\u00e9tallique <br \/>y compris connecteur \u00e0 vis M25-95mm2 <br \/>C\u00e2ble de masse:   24 kV 3 x 25-95mm2 <br \/>C\u00e2ble synth\u00e9tique:  24 kV 3 x 1 x 25-150 mm2<br \/>d Isolation: 18.0&#8230;28.0 mm<br \/>Unit\u00e9 : 1 kit pour 3 phases<\/p>\n","protected":false},"excerpt":{"rendered":"<p>Jonction de transition thermor\u00e9tractable 24 kVpour c\u00e2ble de masse blind\u00e9 \u00e0 3 conducteurs (c\u00e2ble Hochst\u00e4dter) sur c\u00e2ble synth\u00e9tique monoconducteur blindage m\u00e9tallique y compris connecteur \u00e0 vis M25-95mm2 C\u00e2ble de masse: 24 kV 3 x 25-95mm2 C\u00e2ble synth\u00e9tique: 24 kV 3 x 1 x 25-150 mm2d Isolation: 18.0&#8230;28.0 mmUnit\u00e9 : 1 kit pour 3 phases<\/p>\n","protected":false},"featured_media":75868,"template":"","meta":[],"product_brand":[],"product_cat":[1065,1232,1226,1167],"product_tag":[],"class_list":{"0":"post-102231","1":"product","2":"type-product","3":"status-publish","4":"has-post-thumbnail","6":"product_cat-e-fr","7":"product_cat-e05156-fr","8":"product_cat-e0515-fr","9":"product_cat-e05-fr","11":"first","12":"instock","13":"taxable","14":"shipping-taxable","15":"purchasable","16":"product-type-simple"},"_links":{"self":[{"href":"https:\/\/hantom.ch\/fr\/wp-json\/wp\/v2\/product\/102231","targetHints":{"allow":["GET"]}}],"collection":[{"href":"https:\/\/hantom.ch\/fr\/wp-json\/wp\/v2\/product"}],"about":[{"href":"https:\/\/hantom.ch\/fr\/wp-json\/wp\/v2\/types\/product"}],"wp:featuredmedia":[{"embeddable":true,"href":"https:\/\/hantom.ch\/fr\/wp-json\/wp\/v2\/media\/75868"}],"wp:attachment":[{"href":"https:\/\/hantom.ch\/fr\/wp-json\/wp\/v2\/media?parent=102231"}],"wp:term":[{"taxonomy":"product_brand","embeddable":true,"href":"https:\/\/hantom.ch\/fr\/wp-json\/wp\/v2\/product_brand?post=102231"},{"taxonomy":"product_cat","embeddable":true,"href":"https:\/\/hantom.ch\/fr\/wp-json\/wp\/v2\/product_cat?post=102231"},{"taxonomy":"product_tag","embeddable":true,"href":"https:\/\/hantom.ch\/fr\/wp-json\/wp\/v2\/product_tag?post=102231"}],"curies":[{"name":"wp","href":"https:\/\/api.w.org\/{rel}","templated":true}]}}