{"id":102245,"date":"2026-04-15T04:15:56","date_gmt":"2026-04-15T02:15:56","guid":{"rendered":"https:\/\/hantom.ch\/product\/e0515713-jonction-de-transition-thermoretractable-24-kv-3-conducteurs-3-3-95-240-mm2-avec-connecteur-a-vis-pour-cables-hoechstaedter\/"},"modified":"2025-04-23T08:46:16","modified_gmt":"2025-04-23T06:46:16","slug":"e0515713-jonction-de-transition-thermoretractable-24-kv-3-conducteurs-3-3-95-240-mm2-avec-connecteur-a-vis-pour-cables-hoechstaedter","status":"publish","type":"product","link":"https:\/\/hantom.ch\/fr\/produit\/e0515713-jonction-de-transition-thermoretractable-24-kv-3-conducteurs-3-3-95-240-mm2-avec-connecteur-a-vis-pour-cables-hoechstaedter\/","title":{"rendered":"E0515713 &#8211; Jonction de transition thermor\u00e9tractable 24 kV 3 conducteurs \/ 3-3\/ 95-240 mm2 avec connecteur \u00e0 vis \/ pour c\u00e2bles H\u00f6chst\u00e4dter"},"content":{"rendered":"","protected":false},"excerpt":{"rendered":"","protected":false},"featured_media":55610,"template":"","meta":[],"product_brand":[],"product_cat":[1065,1233,1226,1167],"product_tag":[],"class_list":{"0":"post-102245","1":"product","2":"type-product","3":"status-publish","4":"has-post-thumbnail","6":"product_cat-e-fr","7":"product_cat-e05157-fr","8":"product_cat-e0515-fr","9":"product_cat-e05-fr","11":"first","12":"instock","13":"taxable","14":"shipping-taxable","15":"purchasable","16":"product-type-simple"},"_links":{"self":[{"href":"https:\/\/hantom.ch\/fr\/wp-json\/wp\/v2\/product\/102245","targetHints":{"allow":["GET"]}}],"collection":[{"href":"https:\/\/hantom.ch\/fr\/wp-json\/wp\/v2\/product"}],"about":[{"href":"https:\/\/hantom.ch\/fr\/wp-json\/wp\/v2\/types\/product"}],"wp:featuredmedia":[{"embeddable":true,"href":"https:\/\/hantom.ch\/fr\/wp-json\/wp\/v2\/media\/55610"}],"wp:attachment":[{"href":"https:\/\/hantom.ch\/fr\/wp-json\/wp\/v2\/media?parent=102245"}],"wp:term":[{"taxonomy":"product_brand","embeddable":true,"href":"https:\/\/hantom.ch\/fr\/wp-json\/wp\/v2\/product_brand?post=102245"},{"taxonomy":"product_cat","embeddable":true,"href":"https:\/\/hantom.ch\/fr\/wp-json\/wp\/v2\/product_cat?post=102245"},{"taxonomy":"product_tag","embeddable":true,"href":"https:\/\/hantom.ch\/fr\/wp-json\/wp\/v2\/product_tag?post=102245"}],"curies":[{"name":"wp","href":"https:\/\/api.w.org\/{rel}","templated":true}]}}