{"id":102265,"date":"2026-04-20T04:15:55","date_gmt":"2026-04-20T02:15:55","guid":{"rendered":"https:\/\/hantom.ch\/product\/e0516002-kit-de-mise-a-terre-pour-cables-en-polymere-xdcut-xdalut-et-xdait-acc-e-b-kit50-30-503\/"},"modified":"2025-04-23T08:46:22","modified_gmt":"2025-04-23T06:46:22","slug":"e0516002-kit-de-mise-a-terre-pour-cables-en-polymere-xdcut-xdalut-et-xdait-acc-e-b-kit50-30-503","status":"publish","type":"product","link":"https:\/\/hantom.ch\/fr\/produit\/e0516002-kit-de-mise-a-terre-pour-cables-en-polymere-xdcut-xdalut-et-xdait-acc-e-b-kit50-30-503\/","title":{"rendered":"E0516002 &#8211; Kit de mise \u00e0 terre pour c\u00e2bles en polym\u00e8re XDCuT, XDAluT et XDAIT ACC-E-B\/KIT50\/30-50(3)"},"content":{"rendered":"<p>300-630 mm2 avec ruban Cu ou Al ou \u00e9cran tubulaire<br \/>Set de 3 pi\u00e8ces<\/p>\n","protected":false},"excerpt":{"rendered":"<p>300-630 mm2 avec ruban Cu ou Al ou \u00e9cran tubulaireSet de 3 pi\u00e8ces<\/p>\n","protected":false},"featured_media":32837,"template":"","meta":[],"product_brand":[],"product_cat":[1065,1237,1236,1167],"product_tag":[],"class_list":{"0":"post-102265","1":"product","2":"type-product","3":"status-publish","4":"has-post-thumbnail","6":"product_cat-e-fr","7":"product_cat-e05160-fr","8":"product_cat-e0516-fr","9":"product_cat-e05-fr","11":"first","12":"instock","13":"taxable","14":"shipping-taxable","15":"purchasable","16":"product-type-simple"},"_links":{"self":[{"href":"https:\/\/hantom.ch\/fr\/wp-json\/wp\/v2\/product\/102265","targetHints":{"allow":["GET"]}}],"collection":[{"href":"https:\/\/hantom.ch\/fr\/wp-json\/wp\/v2\/product"}],"about":[{"href":"https:\/\/hantom.ch\/fr\/wp-json\/wp\/v2\/types\/product"}],"wp:featuredmedia":[{"embeddable":true,"href":"https:\/\/hantom.ch\/fr\/wp-json\/wp\/v2\/media\/32837"}],"wp:attachment":[{"href":"https:\/\/hantom.ch\/fr\/wp-json\/wp\/v2\/media?parent=102265"}],"wp:term":[{"taxonomy":"product_brand","embeddable":true,"href":"https:\/\/hantom.ch\/fr\/wp-json\/wp\/v2\/product_brand?post=102265"},{"taxonomy":"product_cat","embeddable":true,"href":"https:\/\/hantom.ch\/fr\/wp-json\/wp\/v2\/product_cat?post=102265"},{"taxonomy":"product_tag","embeddable":true,"href":"https:\/\/hantom.ch\/fr\/wp-json\/wp\/v2\/product_tag?post=102265"}],"curies":[{"name":"wp","href":"https:\/\/api.w.org\/{rel}","templated":true}]}}