{"id":102275,"date":"2026-04-19T04:15:39","date_gmt":"2026-04-19T02:15:39","guid":{"rendered":"https:\/\/hantom.ch\/product\/e0518109-capteur-de-tension-avec-cone-raccourci-smvs-uw1002_2-cable-de-connextion-incl\/"},"modified":"2025-04-23T08:46:25","modified_gmt":"2025-04-23T06:46:25","slug":"e0518109-capteur-de-tension-avec-cone-raccourci-smvs-uw1002_2-cable-de-connextion-incl","status":"publish","type":"product","link":"https:\/\/hantom.ch\/fr\/produit\/e0518109-capteur-de-tension-avec-cone-raccourci-smvs-uw1002_2-cable-de-connextion-incl\/","title":{"rendered":"E0518109 &#8211; Capteur de tension avec c\u00f4ne raccourci SMVS-UW1002_2 c\u00e2ble de connextion incl."},"content":{"rendered":"<p>Niveau d&apos;isolation : 24\/50\/125 kV<br \/>Tension nominale : max. 30\/\u221a3 kV<br \/>Tension assign\u00e9e secondaire : 3,25\/\u221a3 V<br \/>Classe de pr\u00e9cision : 0,5 \/ charge : 200 kOhm \u00b11% 350pF<br \/>Facteur de tension : 1,2xUn ; 1,9xUn 8h<br \/>Norme : IEC 61869-11 \/ Temp\u00e9rature de fonctionnement : -25\u00b0C \u00e0 +40\u00b0C<br \/>Type de connecteur de c\u00e2ble Cellpack CTS 630A \/\/CTKS 630 A <br \/>y compris sortie de signal &#8211; 3 p\u00f4les M8 femelle<br \/>5m de c\u00e2ble blind\u00e9 \u00e0 2 p\u00f4les avec extr\u00e9mit\u00e9s ouvertes<\/p>\n","protected":false},"excerpt":{"rendered":"<p>Niveau d&apos;isolation : 24\/50\/125 kVTension nominale : max. 30\/\u221a3 kVTension assign\u00e9e secondaire : 3,25\/\u221a3 VClasse de pr\u00e9cision : 0,5 \/ charge : 200 kOhm \u00b11% 350pFFacteur de tension : 1,2xUn ; 1,9xUn 8hNorme : IEC 61869-11 \/ Temp\u00e9rature de fonctionnement : -25\u00b0C \u00e0 +40\u00b0CType de connecteur de c\u00e2ble Cellpack CTS 630A \/\/CTKS 630 A y [&hellip;]<\/p>\n","protected":false},"featured_media":59432,"template":"","meta":[],"product_brand":[],"product_cat":[1239,1240,1065,1167],"product_tag":[],"class_list":{"0":"post-102275","1":"product","2":"type-product","3":"status-publish","4":"has-post-thumbnail","6":"product_cat-e0518-fr","7":"product_cat-e05181-fr","8":"product_cat-e-fr","9":"product_cat-e05-fr","11":"first","12":"instock","13":"taxable","14":"shipping-taxable","15":"purchasable","16":"product-type-simple"},"_links":{"self":[{"href":"https:\/\/hantom.ch\/fr\/wp-json\/wp\/v2\/product\/102275","targetHints":{"allow":["GET"]}}],"collection":[{"href":"https:\/\/hantom.ch\/fr\/wp-json\/wp\/v2\/product"}],"about":[{"href":"https:\/\/hantom.ch\/fr\/wp-json\/wp\/v2\/types\/product"}],"wp:featuredmedia":[{"embeddable":true,"href":"https:\/\/hantom.ch\/fr\/wp-json\/wp\/v2\/media\/59432"}],"wp:attachment":[{"href":"https:\/\/hantom.ch\/fr\/wp-json\/wp\/v2\/media?parent=102275"}],"wp:term":[{"taxonomy":"product_brand","embeddable":true,"href":"https:\/\/hantom.ch\/fr\/wp-json\/wp\/v2\/product_brand?post=102275"},{"taxonomy":"product_cat","embeddable":true,"href":"https:\/\/hantom.ch\/fr\/wp-json\/wp\/v2\/product_cat?post=102275"},{"taxonomy":"product_tag","embeddable":true,"href":"https:\/\/hantom.ch\/fr\/wp-json\/wp\/v2\/product_tag?post=102275"}],"curies":[{"name":"wp","href":"https:\/\/api.w.org\/{rel}","templated":true}]}}