{"id":102278,"date":"2026-04-19T04:15:44","date_gmt":"2026-04-19T02:15:44","guid":{"rendered":"https:\/\/hantom.ch\/product\/e0518141-capteur-combine-exterieur-smvs-k1112_24kv-cable-de-raccordement-inclus\/"},"modified":"2025-04-23T08:46:26","modified_gmt":"2025-04-23T06:46:26","slug":"e0518141-capteur-combine-exterieur-smvs-k1112_24kv-cable-de-raccordement-inclus","status":"publish","type":"product","link":"https:\/\/hantom.ch\/fr\/produit\/e0518141-capteur-combine-exterieur-smvs-k1112_24kv-cable-de-raccordement-inclus\/","title":{"rendered":"E0518141 &#8211; Capteur combin\u00e9, ext\u00e9rieur SMVS-K1112_24kV, c\u00e2ble de raccordement inclus"},"content":{"rendered":"<p>Niveau d&apos;isolation : 24\/50\/125 kV<br \/>Courant nominal : 300A Ext.200% \/ Tension nominale : max. 30\/\u221a3 kV<br \/>Signal de sortie : 225mV I 3,25\/\u221a3 V<br \/>Classe de pr\u00e9cision : 0,5 \/ 3 &#038; P10, P20<br \/>Charge : > 20 kOhm \/ 200kOhm \u00b11% 350pF \u00b1 10%<br \/>Facteur de tension \/ Ith : 1.2xUn ; 1.9xUn 8h\/ 25kA, 1s <br \/>temp\u00e9rature de fonctionnement : -25\u00b0C \u00e0 +40\u00b0C<br \/>y compris sortie de signal &#8211; 3 p\u00f4les M8 femelle<br \/>10m de c\u00e2ble blind\u00e9 2 x 2 p\u00f4les ou 1 x 4 p\u00f4les avec extr\u00e9mit\u00e9s ouvertes<\/p>\n","protected":false},"excerpt":{"rendered":"<p>Niveau d&apos;isolation : 24\/50\/125 kVCourant nominal : 300A Ext.200% \/ Tension nominale : max. 30\/\u221a3 kVSignal de sortie : 225mV I 3,25\/\u221a3 VClasse de pr\u00e9cision : 0,5 \/ 3 &#038; P10, P20Charge : > 20 kOhm \/ 200kOhm \u00b11% 350pF \u00b1 10%Facteur de tension \/ Ith : 1.2xUn ; 1.9xUn 8h\/ 25kA, 1s temp\u00e9rature de [&hellip;]<\/p>\n","protected":false},"featured_media":59446,"template":"","meta":[],"product_brand":[],"product_cat":[1239,1240,1065,1167],"product_tag":[],"class_list":{"0":"post-102278","1":"product","2":"type-product","3":"status-publish","4":"has-post-thumbnail","6":"product_cat-e0518-fr","7":"product_cat-e05181-fr","8":"product_cat-e-fr","9":"product_cat-e05-fr","11":"first","12":"instock","13":"taxable","14":"shipping-taxable","15":"purchasable","16":"product-type-simple"},"_links":{"self":[{"href":"https:\/\/hantom.ch\/fr\/wp-json\/wp\/v2\/product\/102278","targetHints":{"allow":["GET"]}}],"collection":[{"href":"https:\/\/hantom.ch\/fr\/wp-json\/wp\/v2\/product"}],"about":[{"href":"https:\/\/hantom.ch\/fr\/wp-json\/wp\/v2\/types\/product"}],"wp:featuredmedia":[{"embeddable":true,"href":"https:\/\/hantom.ch\/fr\/wp-json\/wp\/v2\/media\/59446"}],"wp:attachment":[{"href":"https:\/\/hantom.ch\/fr\/wp-json\/wp\/v2\/media?parent=102278"}],"wp:term":[{"taxonomy":"product_brand","embeddable":true,"href":"https:\/\/hantom.ch\/fr\/wp-json\/wp\/v2\/product_brand?post=102278"},{"taxonomy":"product_cat","embeddable":true,"href":"https:\/\/hantom.ch\/fr\/wp-json\/wp\/v2\/product_cat?post=102278"},{"taxonomy":"product_tag","embeddable":true,"href":"https:\/\/hantom.ch\/fr\/wp-json\/wp\/v2\/product_tag?post=102278"}],"curies":[{"name":"wp","href":"https:\/\/api.w.org\/{rel}","templated":true}]}}