{"id":102281,"date":"2026-04-19T04:15:48","date_gmt":"2026-04-19T02:15:48","guid":{"rendered":"https:\/\/hantom.ch\/product\/e0518153-prise-de-courant-t-480tb-capteur-de-tension-set-a-3-pieces-95-300mm2\/"},"modified":"2025-04-23T08:46:27","modified_gmt":"2025-04-23T06:46:27","slug":"e0518153-prise-de-courant-t-480tb-capteur-de-tension-set-a-3-pieces-95-300mm2","status":"publish","type":"product","link":"https:\/\/hantom.ch\/fr\/produit\/e0518153-prise-de-courant-t-480tb-capteur-de-tension-set-a-3-pieces-95-300mm2\/","title":{"rendered":"E0518153 &#8211; Prise de courant T 480TB + capteur de tension Set \u00e0 3 pi\u00e8ces \/\/ 95-300mm2"},"content":{"rendered":"<p>E0518104 <br \/>SMVS-UW1002_3 connexion inclus<br \/>Niveau d&apos;isolation : 24\/50\/125 kV<br \/>Tension nominale : max. 30\/\u221a3 kV<br \/>Tension secondaire assign\u00e9e : 3,25\/\u221a3 V<br \/>Classe de pr\u00e9cision : 0,5 \/ charge : 200 kOhm \u00b11% 350pF<br \/>Facteur de tension : 1,2xUn ; 1,9xUn 8h<br \/>Norme : IEC 61869-11 \/ Temp\u00e9rature de fonctionnement : -25\u00b0C \u00e0 +40\u00b0C<br \/>incl. sortie de signal &#8211; 3 p\u00f4les M8 femelle<br \/>5m de c\u00e2ble blind\u00e9 \u00e0 2 p\u00f4les avec extr\u00e9mit\u00e9s ouvertes<\/p>\n<p>E0502409<br \/>Prise de courant T compact &#8211; 24 kV &#8211; 630 A (1250A)<br \/>AMV-C-K480TBGC-21\/SN\/095-300S(3)<br \/>C\u00f4ne ext\u00e9rieur type C avec cosse \u00e0 vis, adaptateur CA0,<br \/>Contact Stud &#038; Nut, plage de sections 95-300 mm2 AL ou CU<br \/>\u00d8 de l&apos;isolation min. 22.0 &#8211; 34.6 mm<\/p>\n","protected":false},"excerpt":{"rendered":"<p>E0518104 SMVS-UW1002_3 connexion inclusNiveau d&apos;isolation : 24\/50\/125 kVTension nominale : max. 30\/\u221a3 kVTension secondaire assign\u00e9e : 3,25\/\u221a3 VClasse de pr\u00e9cision : 0,5 \/ charge : 200 kOhm \u00b11% 350pFFacteur de tension : 1,2xUn ; 1,9xUn 8hNorme : IEC 61869-11 \/ Temp\u00e9rature de fonctionnement : -25\u00b0C \u00e0 +40\u00b0Cincl. sortie de signal &#8211; 3 p\u00f4les M8 femelle5m [&hellip;]<\/p>\n","protected":false},"featured_media":56142,"template":"","meta":[],"product_brand":[],"product_cat":[1239,1240,1065,1167],"product_tag":[],"class_list":{"0":"post-102281","1":"product","2":"type-product","3":"status-publish","4":"has-post-thumbnail","6":"product_cat-e0518-fr","7":"product_cat-e05181-fr","8":"product_cat-e-fr","9":"product_cat-e05-fr","11":"first","12":"instock","13":"taxable","14":"shipping-taxable","15":"purchasable","16":"product-type-simple"},"_links":{"self":[{"href":"https:\/\/hantom.ch\/fr\/wp-json\/wp\/v2\/product\/102281","targetHints":{"allow":["GET"]}}],"collection":[{"href":"https:\/\/hantom.ch\/fr\/wp-json\/wp\/v2\/product"}],"about":[{"href":"https:\/\/hantom.ch\/fr\/wp-json\/wp\/v2\/types\/product"}],"wp:featuredmedia":[{"embeddable":true,"href":"https:\/\/hantom.ch\/fr\/wp-json\/wp\/v2\/media\/56142"}],"wp:attachment":[{"href":"https:\/\/hantom.ch\/fr\/wp-json\/wp\/v2\/media?parent=102281"}],"wp:term":[{"taxonomy":"product_brand","embeddable":true,"href":"https:\/\/hantom.ch\/fr\/wp-json\/wp\/v2\/product_brand?post=102281"},{"taxonomy":"product_cat","embeddable":true,"href":"https:\/\/hantom.ch\/fr\/wp-json\/wp\/v2\/product_cat?post=102281"},{"taxonomy":"product_tag","embeddable":true,"href":"https:\/\/hantom.ch\/fr\/wp-json\/wp\/v2\/product_tag?post=102281"}],"curies":[{"name":"wp","href":"https:\/\/api.w.org\/{rel}","templated":true}]}}