{"id":102286,"date":"2026-04-23T04:32:23","date_gmt":"2026-04-23T02:32:23","guid":{"rendered":"https:\/\/hantom.ch\/product\/e0518221-capteur-de-detection-de-defaut-a-la-terre-divisible-gae120-sens-jw1003-cable-de-raccordement-inclus\/"},"modified":"2025-04-23T08:46:29","modified_gmt":"2025-04-23T06:46:29","slug":"e0518221-capteur-de-detection-de-defaut-a-la-terre-divisible-gae120-sens-jw1003-cable-de-raccordement-inclus","status":"publish","type":"product","link":"https:\/\/hantom.ch\/fr\/produit\/e0518221-capteur-de-detection-de-defaut-a-la-terre-divisible-gae120-sens-jw1003-cable-de-raccordement-inclus\/","title":{"rendered":"E0518221 &#8211; Capteur de d\u00e9tection de d\u00e9faut \u00e0 la terre divisible GAE120\/SENS-JW1003, c\u00e2ble de raccordement inclus"},"content":{"rendered":"<p>niveau d&apos;isolation : 0.72 \/ 3 kV<br \/>Classe de pr\u00e9cision : 0.5 \/ 1 I Charge de mesure : \u2265 20k\u03a9<br \/>Temp\u00e9rature de fonctionnement : -25\u00b0C \u00e0 +40\u00b0C<br \/>Courant primaire : de 1 \u00e0 60A I Angle d&apos;erreur : \u00b1120 minutes<br \/>Signal de sortie : 225mV<br \/>Norme : IEC 60044-8 \/\/ IEC 61869-11<br \/>Courant de courte dur\u00e9e assign\u00e9 : 25kA \/ 3s<br \/>diam\u00e8tre int\u00e9rieur : 120 mm<br \/>y compris sortie de signal reli\u00e9e fixement au capteur de d\u00e9tection de d\u00e9faut \u00e0 la terre<br \/>3.7m de c\u00e2ble blind\u00e9 \u00e0 2 p\u00f4les avec extr\u00e9mit\u00e9s ouvertes<\/p>\n","protected":false},"excerpt":{"rendered":"<p>niveau d&apos;isolation : 0.72 \/ 3 kVClasse de pr\u00e9cision : 0.5 \/ 1 I Charge de mesure : \u2265 20k\u03a9Temp\u00e9rature de fonctionnement : -25\u00b0C \u00e0 +40\u00b0CCourant primaire : de 1 \u00e0 60A I Angle d&apos;erreur : \u00b1120 minutesSignal de sortie : 225mVNorme : IEC 60044-8 \/\/ IEC 61869-11Courant de courte dur\u00e9e assign\u00e9 : 25kA \/ [&hellip;]<\/p>\n","protected":false},"featured_media":56140,"template":"","meta":[],"product_brand":[],"product_cat":[1241,1239,1065,1167],"product_tag":[],"class_list":{"0":"post-102286","1":"product","2":"type-product","3":"status-publish","4":"has-post-thumbnail","6":"product_cat-e05182-fr","7":"product_cat-e0518-fr","8":"product_cat-e-fr","9":"product_cat-e05-fr","11":"first","12":"instock","13":"taxable","14":"shipping-taxable","15":"purchasable","16":"product-type-simple"},"_links":{"self":[{"href":"https:\/\/hantom.ch\/fr\/wp-json\/wp\/v2\/product\/102286","targetHints":{"allow":["GET"]}}],"collection":[{"href":"https:\/\/hantom.ch\/fr\/wp-json\/wp\/v2\/product"}],"about":[{"href":"https:\/\/hantom.ch\/fr\/wp-json\/wp\/v2\/types\/product"}],"wp:featuredmedia":[{"embeddable":true,"href":"https:\/\/hantom.ch\/fr\/wp-json\/wp\/v2\/media\/56140"}],"wp:attachment":[{"href":"https:\/\/hantom.ch\/fr\/wp-json\/wp\/v2\/media?parent=102286"}],"wp:term":[{"taxonomy":"product_brand","embeddable":true,"href":"https:\/\/hantom.ch\/fr\/wp-json\/wp\/v2\/product_brand?post=102286"},{"taxonomy":"product_cat","embeddable":true,"href":"https:\/\/hantom.ch\/fr\/wp-json\/wp\/v2\/product_cat?post=102286"},{"taxonomy":"product_tag","embeddable":true,"href":"https:\/\/hantom.ch\/fr\/wp-json\/wp\/v2\/product_tag?post=102286"}],"curies":[{"name":"wp","href":"https:\/\/api.w.org\/{rel}","templated":true}]}}