{"id":102289,"date":"2026-04-19T04:16:02","date_gmt":"2026-04-19T02:16:02","guid":{"rendered":"https:\/\/hantom.ch\/product\/e0518303-capteur-de-courant-multifonctionnel-3-x-phase-1-mise-a-terre-smcs3-jw1004-cable-de-raccordement-inclus\/"},"modified":"2025-04-23T08:46:30","modified_gmt":"2025-04-23T06:46:30","slug":"e0518303-capteur-de-courant-multifonctionnel-3-x-phase-1-mise-a-terre-smcs3-jw1004-cable-de-raccordement-inclus","status":"publish","type":"product","link":"https:\/\/hantom.ch\/fr\/produit\/e0518303-capteur-de-courant-multifonctionnel-3-x-phase-1-mise-a-terre-smcs3-jw1004-cable-de-raccordement-inclus\/","title":{"rendered":"E0518303 &#8211; Capteur de courant multifonctionnel 3 x phase + 1 mise \u00e0 terre SMCS3-JW1004, c\u00e2ble de raccordement inclus"},"content":{"rendered":"<p>Niveau d&apos;isolation : 0.72 \/ 3 kV I Temp\u00e9rature de fonctionnement : -25\u00b0C \u00e0 +40\u00b0C<br \/>Classe de pr\u00e9cision : 0.5 &#038; 5P10 I D\u00e9tection de d\u00e9faut \u00e0 la terre : classe 1 \/\/ Charge de mesure : \u2265 20k\u03a9<br \/>Rapport de transformation capteur de courant de phase : 300A \/\/ 225mV Ext. 200<br \/>D\u00e9tection de d\u00e9faut \u00e0 la terre Courant primaire : 1 \u00e0 60A I Angle de d\u00e9faut : \u00b1120 minutes<br \/>Signal de sortie au courant nominal : 225mV<br \/>Courant de courte dur\u00e9e assign\u00e9 : 25kA \/ 1s<br \/>Diam\u00e8tre int\u00e9rieur : 3 x 84 mm I Distance entre les phases standard : 95mm<br \/>y compris sortie de signal reli\u00e9e de mani\u00e8re fixe au capteur de courant multifonctionnel<br \/>3.7m de c\u00e2ble blind\u00e9 \u00e0 2 p\u00f4les avec extr\u00e9mit\u00e9s ouvertes<\/p>\n","protected":false},"excerpt":{"rendered":"<p>Niveau d&apos;isolation : 0.72 \/ 3 kV I Temp\u00e9rature de fonctionnement : -25\u00b0C \u00e0 +40\u00b0CClasse de pr\u00e9cision : 0.5 &#038; 5P10 I D\u00e9tection de d\u00e9faut \u00e0 la terre : classe 1 \/\/ Charge de mesure : \u2265 20k\u03a9Rapport de transformation capteur de courant de phase : 300A \/\/ 225mV Ext. 200D\u00e9tection de d\u00e9faut \u00e0 la [&hellip;]<\/p>\n","protected":false},"featured_media":37051,"template":"","meta":[],"product_brand":[],"product_cat":[1239,1242,1065,1167],"product_tag":[],"class_list":{"0":"post-102289","1":"product","2":"type-product","3":"status-publish","4":"has-post-thumbnail","6":"product_cat-e0518-fr","7":"product_cat-e05183-fr","8":"product_cat-e-fr","9":"product_cat-e05-fr","11":"first","12":"instock","13":"taxable","14":"shipping-taxable","15":"purchasable","16":"product-type-simple"},"_links":{"self":[{"href":"https:\/\/hantom.ch\/fr\/wp-json\/wp\/v2\/product\/102289","targetHints":{"allow":["GET"]}}],"collection":[{"href":"https:\/\/hantom.ch\/fr\/wp-json\/wp\/v2\/product"}],"about":[{"href":"https:\/\/hantom.ch\/fr\/wp-json\/wp\/v2\/types\/product"}],"wp:featuredmedia":[{"embeddable":true,"href":"https:\/\/hantom.ch\/fr\/wp-json\/wp\/v2\/media\/37051"}],"wp:attachment":[{"href":"https:\/\/hantom.ch\/fr\/wp-json\/wp\/v2\/media?parent=102289"}],"wp:term":[{"taxonomy":"product_brand","embeddable":true,"href":"https:\/\/hantom.ch\/fr\/wp-json\/wp\/v2\/product_brand?post=102289"},{"taxonomy":"product_cat","embeddable":true,"href":"https:\/\/hantom.ch\/fr\/wp-json\/wp\/v2\/product_cat?post=102289"},{"taxonomy":"product_tag","embeddable":true,"href":"https:\/\/hantom.ch\/fr\/wp-json\/wp\/v2\/product_tag?post=102289"}],"curies":[{"name":"wp","href":"https:\/\/api.w.org\/{rel}","templated":true}]}}