{"id":102290,"date":"2026-04-20T04:16:35","date_gmt":"2026-04-20T02:16:35","guid":{"rendered":"https:\/\/hantom.ch\/product\/e0518401-indicateur-numerique-de-court-circuit-avec-fonction-de-mesure-gim\/"},"modified":"2025-04-23T08:46:30","modified_gmt":"2025-04-23T06:46:30","slug":"e0518401-indicateur-numerique-de-court-circuit-avec-fonction-de-mesure-gim","status":"publish","type":"product","link":"https:\/\/hantom.ch\/fr\/produit\/e0518401-indicateur-numerique-de-court-circuit-avec-fonction-de-mesure-gim\/","title":{"rendered":"E0518401 &#8211; Indicateur num\u00e9rique de court-circuit avec fonction de mesure GIM"},"content":{"rendered":"<p>Dimensions : 96 x 48 x 109.5 mm \/\/ Classe de protection IP40&#10;Indicateur de direction du flux de charge int\u00e9gr\u00e9&#10;D\u00e9tection directionnelle des courts-circuits et des courts-circuits&#10;3 entr\u00e9es pour les capteurs de tension Zelisko&#10;3 entr\u00e9es pour capteurs de courant Zelisko \/ Entr\u00e9e de courant L2 configur\u00e9e au choix &#10;pour d\u00e9tection sensible de d\u00e9faut \u00e0 la terre avec capteur de d\u00e9tection de d\u00e9faut \u00e0 la terre Zelisko&#10;Alternative : entr\u00e9es pour transformateurs de mesure conventionnels 1\/5A via adaptateur&#10;Tension auxiliaire : AC 230V \/\/ DC 24 &#8211; 110V&#10;Communication : interface RS485 y compris Modbus RTU<\/p>\n","protected":false},"excerpt":{"rendered":"<p>Dimensions : 96 x 48 x 109.5 mm \/\/ Classe de protection IP40&#10;Indicateur de direction du flux de charge int\u00e9gr\u00e9&#10;D\u00e9tection directionnelle des courts-circuits et des courts-circuits&#10;3 entr\u00e9es pour les capteurs de tension Zelisko&#10;3 entr\u00e9es pour capteurs de courant Zelisko \/ Entr\u00e9e de courant L2 configur\u00e9e au choix &#10;pour d\u00e9tection sensible de d\u00e9faut \u00e0 la terre [&hellip;]<\/p>\n","protected":false},"featured_media":71196,"template":"","meta":[],"product_brand":[],"product_cat":[1239,1065,1167,1243],"product_tag":[],"class_list":{"0":"post-102290","1":"product","2":"type-product","3":"status-publish","4":"has-post-thumbnail","6":"product_cat-e0518-fr","7":"product_cat-e-fr","8":"product_cat-e05-fr","9":"product_cat-e05184-fr","11":"first","12":"instock","13":"taxable","14":"shipping-taxable","15":"purchasable","16":"product-type-simple"},"_links":{"self":[{"href":"https:\/\/hantom.ch\/fr\/wp-json\/wp\/v2\/product\/102290","targetHints":{"allow":["GET"]}}],"collection":[{"href":"https:\/\/hantom.ch\/fr\/wp-json\/wp\/v2\/product"}],"about":[{"href":"https:\/\/hantom.ch\/fr\/wp-json\/wp\/v2\/types\/product"}],"wp:featuredmedia":[{"embeddable":true,"href":"https:\/\/hantom.ch\/fr\/wp-json\/wp\/v2\/media\/71196"}],"wp:attachment":[{"href":"https:\/\/hantom.ch\/fr\/wp-json\/wp\/v2\/media?parent=102290"}],"wp:term":[{"taxonomy":"product_brand","embeddable":true,"href":"https:\/\/hantom.ch\/fr\/wp-json\/wp\/v2\/product_brand?post=102290"},{"taxonomy":"product_cat","embeddable":true,"href":"https:\/\/hantom.ch\/fr\/wp-json\/wp\/v2\/product_cat?post=102290"},{"taxonomy":"product_tag","embeddable":true,"href":"https:\/\/hantom.ch\/fr\/wp-json\/wp\/v2\/product_tag?post=102290"}],"curies":[{"name":"wp","href":"https:\/\/api.w.org\/{rel}","templated":true}]}}