{"id":102297,"date":"2026-04-19T04:16:16","date_gmt":"2026-04-19T02:16:16","guid":{"rendered":"https:\/\/hantom.ch\/product\/e0701107-connecteur-a-vis-etanche-longitudinalement-52-kv-acc-d-6mo1-m095-2401\/"},"modified":"2025-04-23T08:46:33","modified_gmt":"2025-04-23T06:46:33","slug":"e0701107-connecteur-a-vis-etanche-longitudinalement-52-kv-acc-d-6mo1-m095-2401","status":"publish","type":"product","link":"https:\/\/hantom.ch\/fr\/produit\/e0701107-connecteur-a-vis-etanche-longitudinalement-52-kv-acc-d-6mo1-m095-2401\/","title":{"rendered":"E0701107 &#8211; Connecteur \u00e0 vis \u00e9tanche longitudinalement 52 kV ACC-D-6MO1\/M095-240(1)"},"content":{"rendered":"<p>Connecteur \u00e0 vis \u00e9tanche longitudinalement  185-400 mm2 avec vis<br \/>\u00e0 t\u00eate fusible pour conducteur Cu et Al jusqu&apos;\u00e0<br \/>52kV<\/p>\n","protected":false},"excerpt":{"rendered":"<p>Connecteur \u00e0 vis \u00e9tanche longitudinalement 185-400 mm2 avec vis\u00e0 t\u00eate fusible pour conducteur Cu et Al jusqu&apos;\u00e052kV<\/p>\n","protected":false},"featured_media":75558,"template":"","meta":[],"product_brand":[],"product_cat":[1262,1264,1263,1065],"product_tag":[],"class_list":{"0":"post-102297","1":"product","2":"type-product","3":"status-publish","4":"has-post-thumbnail","6":"product_cat-e07-fr","7":"product_cat-e07011-fr","8":"product_cat-e0701-fr","9":"product_cat-e-fr","11":"first","12":"instock","13":"taxable","14":"shipping-taxable","15":"purchasable","16":"product-type-simple"},"_links":{"self":[{"href":"https:\/\/hantom.ch\/fr\/wp-json\/wp\/v2\/product\/102297","targetHints":{"allow":["GET"]}}],"collection":[{"href":"https:\/\/hantom.ch\/fr\/wp-json\/wp\/v2\/product"}],"about":[{"href":"https:\/\/hantom.ch\/fr\/wp-json\/wp\/v2\/types\/product"}],"wp:featuredmedia":[{"embeddable":true,"href":"https:\/\/hantom.ch\/fr\/wp-json\/wp\/v2\/media\/75558"}],"wp:attachment":[{"href":"https:\/\/hantom.ch\/fr\/wp-json\/wp\/v2\/media?parent=102297"}],"wp:term":[{"taxonomy":"product_brand","embeddable":true,"href":"https:\/\/hantom.ch\/fr\/wp-json\/wp\/v2\/product_brand?post=102297"},{"taxonomy":"product_cat","embeddable":true,"href":"https:\/\/hantom.ch\/fr\/wp-json\/wp\/v2\/product_cat?post=102297"},{"taxonomy":"product_tag","embeddable":true,"href":"https:\/\/hantom.ch\/fr\/wp-json\/wp\/v2\/product_tag?post=102297"}],"curies":[{"name":"wp","href":"https:\/\/api.w.org\/{rel}","templated":true}]}}