{"id":102307,"date":"2026-04-19T04:16:31","date_gmt":"2026-04-19T02:16:31","guid":{"rendered":"https:\/\/hantom.ch\/product\/e0701402-connecteur-a-vis-etanche-longitudinalement-4-50mm2-1kv-acc-d-6-df004-050sv-t-v-k1\/"},"modified":"2025-04-23T08:46:36","modified_gmt":"2025-04-23T06:46:36","slug":"e0701402-connecteur-a-vis-etanche-longitudinalement-4-50mm2-1kv-acc-d-6-df004-050sv-t-v-k1","status":"publish","type":"product","link":"https:\/\/hantom.ch\/fr\/produit\/e0701402-connecteur-a-vis-etanche-longitudinalement-4-50mm2-1kv-acc-d-6-df004-050sv-t-v-k1\/","title":{"rendered":"E0701402 &#8211; Connecteur \u00e0 vis \u00e9tanche longitudinalement  4&#8230;50mm2 1kV ACC-D-6\/DF004-050SV-T-V-K(1)"},"content":{"rendered":"<p>Connecteur \u00e0 vis \u00e9tanche longitudinalement  4&#8230;50mm2 avec vis<br \/>\u00e0 t\u00eate fusible pour conducteur Cu et Al jusqu&apos;\u00e0<br \/>1kV<\/p>\n","protected":false},"excerpt":{"rendered":"<p>Connecteur \u00e0 vis \u00e9tanche longitudinalement 4&#8230;50mm2 avec vis\u00e0 t\u00eate fusible pour conducteur Cu et Al jusqu&apos;\u00e01kV<\/p>\n","protected":false},"featured_media":58835,"template":"","meta":[],"product_brand":[],"product_cat":[1262,1267,1263,1065],"product_tag":[],"class_list":{"0":"post-102307","1":"product","2":"type-product","3":"status-publish","4":"has-post-thumbnail","6":"product_cat-e07-fr","7":"product_cat-e07014-fr","8":"product_cat-e0701-fr","9":"product_cat-e-fr","11":"first","12":"instock","13":"taxable","14":"shipping-taxable","15":"purchasable","16":"product-type-simple"},"_links":{"self":[{"href":"https:\/\/hantom.ch\/fr\/wp-json\/wp\/v2\/product\/102307","targetHints":{"allow":["GET"]}}],"collection":[{"href":"https:\/\/hantom.ch\/fr\/wp-json\/wp\/v2\/product"}],"about":[{"href":"https:\/\/hantom.ch\/fr\/wp-json\/wp\/v2\/types\/product"}],"wp:featuredmedia":[{"embeddable":true,"href":"https:\/\/hantom.ch\/fr\/wp-json\/wp\/v2\/media\/58835"}],"wp:attachment":[{"href":"https:\/\/hantom.ch\/fr\/wp-json\/wp\/v2\/media?parent=102307"}],"wp:term":[{"taxonomy":"product_brand","embeddable":true,"href":"https:\/\/hantom.ch\/fr\/wp-json\/wp\/v2\/product_brand?post=102307"},{"taxonomy":"product_cat","embeddable":true,"href":"https:\/\/hantom.ch\/fr\/wp-json\/wp\/v2\/product_cat?post=102307"},{"taxonomy":"product_tag","embeddable":true,"href":"https:\/\/hantom.ch\/fr\/wp-json\/wp\/v2\/product_tag?post=102307"}],"curies":[{"name":"wp","href":"https:\/\/api.w.org\/{rel}","templated":true}]}}