{"id":102335,"date":"2026-04-19T04:17:14","date_gmt":"2026-04-19T02:17:14","guid":{"rendered":"https:\/\/hantom.ch\/product\/e0701702-bornes-de-derivation-isolee-a-fraiser-arcus-principal-16re-150rm-derivation-2-5-50-mm21\/"},"modified":"2025-04-23T08:46:45","modified_gmt":"2025-04-23T06:46:45","slug":"e0701702-bornes-de-derivation-isolee-a-fraiser-arcus-principal-16re-150rm-derivation-2-5-50-mm21","status":"publish","type":"product","link":"https:\/\/hantom.ch\/fr\/produit\/e0701702-bornes-de-derivation-isolee-a-fraiser-arcus-principal-16re-150rm-derivation-2-5-50-mm21\/","title":{"rendered":"E0701702 &#8211; Bornes de d\u00e9rivation isol\u00e9e \u00e0 fraiser Arcus Principal 16re-150RM \/ D\u00e9rivation 2.5-50 mm2(1)"},"content":{"rendered":"<p>Bornes de d\u00e9rivation isol\u00e9e \u00e0 fraiser Arcus<br \/>Conducteur principal 16-150 mm2 rm se<br \/>D\u00e9rivation 2.5-50 mm2<\/p>\n","protected":false},"excerpt":{"rendered":"<p>Bornes de d\u00e9rivation isol\u00e9e \u00e0 fraiser ArcusConducteur principal 16-150 mm2 rm seD\u00e9rivation 2.5-50 mm2<\/p>\n","protected":false},"featured_media":32583,"template":"","meta":[],"product_brand":[],"product_cat":[1262,1270,1263,1065],"product_tag":[],"class_list":{"0":"post-102335","1":"product","2":"type-product","3":"status-publish","4":"has-post-thumbnail","6":"product_cat-e07-fr","7":"product_cat-e07017-fr","8":"product_cat-e0701-fr","9":"product_cat-e-fr","11":"first","12":"instock","13":"taxable","14":"shipping-taxable","15":"purchasable","16":"product-type-simple"},"_links":{"self":[{"href":"https:\/\/hantom.ch\/fr\/wp-json\/wp\/v2\/product\/102335","targetHints":{"allow":["GET"]}}],"collection":[{"href":"https:\/\/hantom.ch\/fr\/wp-json\/wp\/v2\/product"}],"about":[{"href":"https:\/\/hantom.ch\/fr\/wp-json\/wp\/v2\/types\/product"}],"wp:featuredmedia":[{"embeddable":true,"href":"https:\/\/hantom.ch\/fr\/wp-json\/wp\/v2\/media\/32583"}],"wp:attachment":[{"href":"https:\/\/hantom.ch\/fr\/wp-json\/wp\/v2\/media?parent=102335"}],"wp:term":[{"taxonomy":"product_brand","embeddable":true,"href":"https:\/\/hantom.ch\/fr\/wp-json\/wp\/v2\/product_brand?post=102335"},{"taxonomy":"product_cat","embeddable":true,"href":"https:\/\/hantom.ch\/fr\/wp-json\/wp\/v2\/product_cat?post=102335"},{"taxonomy":"product_tag","embeddable":true,"href":"https:\/\/hantom.ch\/fr\/wp-json\/wp\/v2\/product_tag?post=102335"}],"curies":[{"name":"wp","href":"https:\/\/api.w.org\/{rel}","templated":true}]}}