{"id":102336,"date":"2026-04-19T04:17:15","date_gmt":"2026-04-19T02:17:15","guid":{"rendered":"https:\/\/hantom.ch\/product\/e0701712-bague-de-serrage-cable-3-conducteurs-arcus\/"},"modified":"2025-04-23T08:46:46","modified_gmt":"2025-04-23T06:46:46","slug":"e0701712-bague-de-serrage-cable-3-conducteurs-arcus","status":"publish","type":"product","link":"https:\/\/hantom.ch\/fr\/produit\/e0701712-bague-de-serrage-cable-3-conducteurs-arcus\/","title":{"rendered":"E0701712 &#8211; Bague de serrage c\u00e2ble 3 conducteurs Arcus"},"content":{"rendered":"<p>Principal 95-150 \/ D\u00e9rivation 16-70 mm2(1)<br \/>Baguie de serrage d\u00e9rivation c\u00e2ble 4 conducteurs Arcus<br \/>Conducteur principal 95-150 mm2 rm se<br \/>D\u00e9rivation 16-70 mm2<\/p>\n","protected":false},"excerpt":{"rendered":"<p>Principal 95-150 \/ D\u00e9rivation 16-70 mm2(1)Baguie de serrage d\u00e9rivation c\u00e2ble 4 conducteurs ArcusConducteur principal 95-150 mm2 rm seD\u00e9rivation 16-70 mm2<\/p>\n","protected":false},"featured_media":33817,"template":"","meta":[],"product_brand":[],"product_cat":[1262,1270,1263,1065],"product_tag":[],"class_list":{"0":"post-102336","1":"product","2":"type-product","3":"status-publish","4":"has-post-thumbnail","6":"product_cat-e07-fr","7":"product_cat-e07017-fr","8":"product_cat-e0701-fr","9":"product_cat-e-fr","11":"first","12":"instock","13":"taxable","14":"shipping-taxable","15":"purchasable","16":"product-type-simple"},"_links":{"self":[{"href":"https:\/\/hantom.ch\/fr\/wp-json\/wp\/v2\/product\/102336","targetHints":{"allow":["GET"]}}],"collection":[{"href":"https:\/\/hantom.ch\/fr\/wp-json\/wp\/v2\/product"}],"about":[{"href":"https:\/\/hantom.ch\/fr\/wp-json\/wp\/v2\/types\/product"}],"wp:featuredmedia":[{"embeddable":true,"href":"https:\/\/hantom.ch\/fr\/wp-json\/wp\/v2\/media\/33817"}],"wp:attachment":[{"href":"https:\/\/hantom.ch\/fr\/wp-json\/wp\/v2\/media?parent=102336"}],"wp:term":[{"taxonomy":"product_brand","embeddable":true,"href":"https:\/\/hantom.ch\/fr\/wp-json\/wp\/v2\/product_brand?post=102336"},{"taxonomy":"product_cat","embeddable":true,"href":"https:\/\/hantom.ch\/fr\/wp-json\/wp\/v2\/product_cat?post=102336"},{"taxonomy":"product_tag","embeddable":true,"href":"https:\/\/hantom.ch\/fr\/wp-json\/wp\/v2\/product_tag?post=102336"}],"curies":[{"name":"wp","href":"https:\/\/api.w.org\/{rel}","templated":true}]}}