{"id":102342,"date":"2026-04-29T04:30:59","date_gmt":"2026-04-29T02:30:59","guid":{"rendered":"https:\/\/hantom.ch\/product\/e0702005-cosse-a-visser-etanche-95-240mm2-m16-36kv-acc-d-1mo1-c095-240x161\/"},"modified":"2025-04-23T08:46:48","modified_gmt":"2025-04-23T06:46:48","slug":"e0702005-cosse-a-visser-etanche-95-240mm2-m16-36kv-acc-d-1mo1-c095-240x161","status":"publish","type":"product","link":"https:\/\/hantom.ch\/fr\/produit\/e0702005-cosse-a-visser-etanche-95-240mm2-m16-36kv-acc-d-1mo1-c095-240x161\/","title":{"rendered":"E0702005 &#8211; Cosse \u00e0 visser \u00e9tanche 95&#8230;240mm2 M16 36kV ACC-D-1MO1\/C095-240&#215;16(1)"},"content":{"rendered":"<p>Cosse \u00e0 visser \u00e9tanche 95&#8230;240mm2 M16 avec vis \u00e0<br \/>t\u00eate fusible pour conducteur Cu et Al jusqu&apos;\u00e0<br \/>36kV<\/p>\n","protected":false},"excerpt":{"rendered":"<p>Cosse \u00e0 visser \u00e9tanche 95&#8230;240mm2 M16 avec vis \u00e0t\u00eate fusible pour conducteur Cu et Al jusqu&apos;\u00e036kV<\/p>\n","protected":false},"featured_media":33269,"template":"","meta":[],"product_brand":[],"product_cat":[1262,1272,1273,1065],"product_tag":[],"class_list":{"0":"post-102342","1":"product","2":"type-product","3":"status-publish","4":"has-post-thumbnail","6":"product_cat-e07-fr","7":"product_cat-e0702-fr","8":"product_cat-e07020-fr","9":"product_cat-e-fr","11":"first","12":"instock","13":"taxable","14":"shipping-taxable","15":"purchasable","16":"product-type-simple"},"_links":{"self":[{"href":"https:\/\/hantom.ch\/fr\/wp-json\/wp\/v2\/product\/102342","targetHints":{"allow":["GET"]}}],"collection":[{"href":"https:\/\/hantom.ch\/fr\/wp-json\/wp\/v2\/product"}],"about":[{"href":"https:\/\/hantom.ch\/fr\/wp-json\/wp\/v2\/types\/product"}],"wp:featuredmedia":[{"embeddable":true,"href":"https:\/\/hantom.ch\/fr\/wp-json\/wp\/v2\/media\/33269"}],"wp:attachment":[{"href":"https:\/\/hantom.ch\/fr\/wp-json\/wp\/v2\/media?parent=102342"}],"wp:term":[{"taxonomy":"product_brand","embeddable":true,"href":"https:\/\/hantom.ch\/fr\/wp-json\/wp\/v2\/product_brand?post=102342"},{"taxonomy":"product_cat","embeddable":true,"href":"https:\/\/hantom.ch\/fr\/wp-json\/wp\/v2\/product_cat?post=102342"},{"taxonomy":"product_tag","embeddable":true,"href":"https:\/\/hantom.ch\/fr\/wp-json\/wp\/v2\/product_tag?post=102342"}],"curies":[{"name":"wp","href":"https:\/\/api.w.org\/{rel}","templated":true}]}}