{"id":102348,"date":"2026-05-01T04:45:32","date_gmt":"2026-05-01T02:45:32","guid":{"rendered":"https:\/\/hantom.ch\/product\/e0702202-cosse-a-visser-etanche-16-95mm2-1kv-acc-d-1-ds016-095x12sk-v-k1\/"},"modified":"2025-04-23T08:46:50","modified_gmt":"2025-04-23T06:46:50","slug":"e0702202-cosse-a-visser-etanche-16-95mm2-1kv-acc-d-1-ds016-095x12sk-v-k1","status":"publish","type":"product","link":"https:\/\/hantom.ch\/fr\/produit\/e0702202-cosse-a-visser-etanche-16-95mm2-1kv-acc-d-1-ds016-095x12sk-v-k1\/","title":{"rendered":"E0702202 &#8211; Cosse \u00e0 visser \u00e9tanche 16&#8230;95mm2 1kV ACC-D-1\/DS016-095x12SK-V-K(1)"},"content":{"rendered":"<p>Cosse \u00e0 visser \u00e9tanche 16&#8230;95mm2 avec vis \u00e0 t\u00eate<br \/>fusible pour conducteur Cu et Al jusqu&apos;\u00e0 1kV<\/p>\n","protected":false},"excerpt":{"rendered":"<p>Cosse \u00e0 visser \u00e9tanche 16&#8230;95mm2 avec vis \u00e0 t\u00eatefusible pour conducteur Cu et Al jusqu&apos;\u00e0 1kV<\/p>\n","protected":false},"featured_media":58900,"template":"","meta":[],"product_brand":[],"product_cat":[1262,1272,1275,1065],"product_tag":[],"class_list":{"0":"post-102348","1":"product","2":"type-product","3":"status-publish","4":"has-post-thumbnail","6":"product_cat-e07-fr","7":"product_cat-e0702-fr","8":"product_cat-e07022-fr","9":"product_cat-e-fr","11":"first","12":"instock","13":"taxable","14":"shipping-taxable","15":"purchasable","16":"product-type-simple"},"_links":{"self":[{"href":"https:\/\/hantom.ch\/fr\/wp-json\/wp\/v2\/product\/102348","targetHints":{"allow":["GET"]}}],"collection":[{"href":"https:\/\/hantom.ch\/fr\/wp-json\/wp\/v2\/product"}],"about":[{"href":"https:\/\/hantom.ch\/fr\/wp-json\/wp\/v2\/types\/product"}],"wp:featuredmedia":[{"embeddable":true,"href":"https:\/\/hantom.ch\/fr\/wp-json\/wp\/v2\/media\/58900"}],"wp:attachment":[{"href":"https:\/\/hantom.ch\/fr\/wp-json\/wp\/v2\/media?parent=102348"}],"wp:term":[{"taxonomy":"product_brand","embeddable":true,"href":"https:\/\/hantom.ch\/fr\/wp-json\/wp\/v2\/product_brand?post=102348"},{"taxonomy":"product_cat","embeddable":true,"href":"https:\/\/hantom.ch\/fr\/wp-json\/wp\/v2\/product_cat?post=102348"},{"taxonomy":"product_tag","embeddable":true,"href":"https:\/\/hantom.ch\/fr\/wp-json\/wp\/v2\/product_tag?post=102348"}],"curies":[{"name":"wp","href":"https:\/\/api.w.org\/{rel}","templated":true}]}}