{"id":102358,"date":"2026-05-01T04:45:59","date_gmt":"2026-05-01T02:45:59","guid":{"rendered":"https:\/\/hantom.ch\/product\/e0702301-cosse-pour-ecran-acc-e-swl10-50x101\/"},"modified":"2025-04-23T08:46:53","modified_gmt":"2025-04-23T06:46:53","slug":"e0702301-cosse-pour-ecran-acc-e-swl10-50x101","status":"publish","type":"product","link":"https:\/\/hantom.ch\/fr\/produit\/e0702301-cosse-pour-ecran-acc-e-swl10-50x101\/","title":{"rendered":"E0702301 &#8211; Cosse pour \u00e9cran ACC-E-SWL10-50&#215;10(1)"},"content":{"rendered":"<p>Cosse pour \u00e9cran avec vis \u00e0 t\u00eate fusible 10\u2026.50(70) mm2 M10<\/p>\n","protected":false},"excerpt":{"rendered":"<p>Cosse pour \u00e9cran avec vis \u00e0 t\u00eate fusible 10\u2026.50(70) mm2 M10<\/p>\n","protected":false},"featured_media":58966,"template":"","meta":[],"product_brand":[],"product_cat":[1262,1272,1276,1065],"product_tag":[],"class_list":{"0":"post-102358","1":"product","2":"type-product","3":"status-publish","4":"has-post-thumbnail","6":"product_cat-e07-fr","7":"product_cat-e0702-fr","8":"product_cat-e07023-fr","9":"product_cat-e-fr","11":"first","12":"instock","13":"taxable","14":"shipping-taxable","15":"purchasable","16":"product-type-simple"},"_links":{"self":[{"href":"https:\/\/hantom.ch\/fr\/wp-json\/wp\/v2\/product\/102358","targetHints":{"allow":["GET"]}}],"collection":[{"href":"https:\/\/hantom.ch\/fr\/wp-json\/wp\/v2\/product"}],"about":[{"href":"https:\/\/hantom.ch\/fr\/wp-json\/wp\/v2\/types\/product"}],"wp:featuredmedia":[{"embeddable":true,"href":"https:\/\/hantom.ch\/fr\/wp-json\/wp\/v2\/media\/58966"}],"wp:attachment":[{"href":"https:\/\/hantom.ch\/fr\/wp-json\/wp\/v2\/media?parent=102358"}],"wp:term":[{"taxonomy":"product_brand","embeddable":true,"href":"https:\/\/hantom.ch\/fr\/wp-json\/wp\/v2\/product_brand?post=102358"},{"taxonomy":"product_cat","embeddable":true,"href":"https:\/\/hantom.ch\/fr\/wp-json\/wp\/v2\/product_cat?post=102358"},{"taxonomy":"product_tag","embeddable":true,"href":"https:\/\/hantom.ch\/fr\/wp-json\/wp\/v2\/product_tag?post=102358"}],"curies":[{"name":"wp","href":"https:\/\/api.w.org\/{rel}","templated":true}]}}