{"id":102359,"date":"2026-05-01T04:46:01","date_gmt":"2026-05-01T02:46:01","guid":{"rendered":"https:\/\/hantom.ch\/product\/e0702302-connecteur-a-vis-pour-ecran-10-50-cu-sans-paroi\/"},"modified":"2025-04-23T08:46:53","modified_gmt":"2025-04-23T06:46:53","slug":"e0702302-connecteur-a-vis-pour-ecran-10-50-cu-sans-paroi","status":"publish","type":"product","link":"https:\/\/hantom.ch\/fr\/produit\/e0702302-connecteur-a-vis-pour-ecran-10-50-cu-sans-paroi\/","title":{"rendered":"E0702302 &#8211; Connecteur \u00e0 vis pour \u00e9cran 10-50 Cu sans paroi"},"content":{"rendered":"<p>Convient pour jonction thermor\u00e9tractable 24GTS 1.240w<\/p>\n","protected":false},"excerpt":{"rendered":"<p>Convient pour jonction thermor\u00e9tractable 24GTS 1.240w<\/p>\n","protected":false},"featured_media":34783,"template":"","meta":[],"product_brand":[],"product_cat":[1262,1272,1276,1065],"product_tag":[],"class_list":{"0":"post-102359","1":"product","2":"type-product","3":"status-publish","4":"has-post-thumbnail","6":"product_cat-e07-fr","7":"product_cat-e0702-fr","8":"product_cat-e07023-fr","9":"product_cat-e-fr","11":"first","12":"instock","13":"taxable","14":"shipping-taxable","15":"purchasable","16":"product-type-simple"},"_links":{"self":[{"href":"https:\/\/hantom.ch\/fr\/wp-json\/wp\/v2\/product\/102359","targetHints":{"allow":["GET"]}}],"collection":[{"href":"https:\/\/hantom.ch\/fr\/wp-json\/wp\/v2\/product"}],"about":[{"href":"https:\/\/hantom.ch\/fr\/wp-json\/wp\/v2\/types\/product"}],"wp:featuredmedia":[{"embeddable":true,"href":"https:\/\/hantom.ch\/fr\/wp-json\/wp\/v2\/media\/34783"}],"wp:attachment":[{"href":"https:\/\/hantom.ch\/fr\/wp-json\/wp\/v2\/media?parent=102359"}],"wp:term":[{"taxonomy":"product_brand","embeddable":true,"href":"https:\/\/hantom.ch\/fr\/wp-json\/wp\/v2\/product_brand?post=102359"},{"taxonomy":"product_cat","embeddable":true,"href":"https:\/\/hantom.ch\/fr\/wp-json\/wp\/v2\/product_cat?post=102359"},{"taxonomy":"product_tag","embeddable":true,"href":"https:\/\/hantom.ch\/fr\/wp-json\/wp\/v2\/product_tag?post=102359"}],"curies":[{"name":"wp","href":"https:\/\/api.w.org\/{rel}","templated":true}]}}