{"id":102550,"date":"2026-05-09T02:03:19","date_gmt":"2026-05-09T00:03:19","guid":{"rendered":"https:\/\/hantom.ch\/product\/e0401001-jonction-thermoretr-bt-1kv-4-conduct-avec-contact-a-visser-vm41-ds-02-5-006-1\/"},"modified":"2026-04-16T14:45:43","modified_gmt":"2026-04-16T12:45:43","slug":"e0401001-jonction-thermoretr-bt-1kv-4-conduct-avec-contact-a-visser-vm41-ds-02-5-006-1","status":"publish","type":"product","link":"https:\/\/hantom.ch\/fr\/produit\/e0401001-jonction-thermoretr-bt-1kv-4-conduct-avec-contact-a-visser-vm41-ds-02-5-006-1\/","title":{"rendered":"E0401001 &#8211; Jonction thermor\u00e9tr. BT 1kV, avec connecteur, 4 conduct. VM41\/DS 02.5-006 (1)"},"content":{"rendered":"<p>Jonction thermor\u00e9tractable BT 1kV DIN 47640 &#13;&#10;avec connecteur \u00e0 vis \u00e9tanche longitudinalement &#13;&#10;avec vis \u00e0 t\u00eate fusible, pour c\u00e2ble&#13;&#10;GKN 3 x 2.5&#8230;6\/2.5&#8230;6mm2 &#13;&#10;GN-CLN 4 x 2.5&#8230;6mm2 &#13;&#10;avec conducteurs Cu ou Al re, rm, sm ou se &#13;&#10;Set \u00e0 1 pi\u00e8ce&#13;&#10;<\/p>\n","protected":false},"excerpt":{"rendered":"<p>Jonction thermor\u00e9tractable BT 1kV DIN 47640 &#13;&#10;avec connecteur \u00e0 vis \u00e9tanche longitudinalement &#13;&#10;avec vis \u00e0 t\u00eate fusible, pour c\u00e2ble&#13;&#10;GKN 3 x 2.5&#8230;6\/2.5&#8230;6mm2 &#13;&#10;GN-CLN 4 x 2.5&#8230;6mm2 &#13;&#10;avec conducteurs Cu ou Al re, rm, sm ou se &#13;&#10;Set \u00e0 1 pi\u00e8ce&#13;&#10;<\/p>\n","protected":false},"featured_media":55330,"template":"","meta":[],"product_brand":[],"product_cat":[1111,1065,1112,1113],"product_tag":[],"class_list":{"0":"post-102550","1":"product","2":"type-product","3":"status-publish","4":"has-post-thumbnail","6":"product_cat-e04-fr","7":"product_cat-e-fr","8":"product_cat-e0401-fr","9":"product_cat-e04010-fr","11":"first","12":"instock","13":"taxable","14":"shipping-taxable","15":"purchasable","16":"product-type-simple"},"_links":{"self":[{"href":"https:\/\/hantom.ch\/fr\/wp-json\/wp\/v2\/product\/102550","targetHints":{"allow":["GET"]}}],"collection":[{"href":"https:\/\/hantom.ch\/fr\/wp-json\/wp\/v2\/product"}],"about":[{"href":"https:\/\/hantom.ch\/fr\/wp-json\/wp\/v2\/types\/product"}],"wp:featuredmedia":[{"embeddable":true,"href":"https:\/\/hantom.ch\/fr\/wp-json\/wp\/v2\/media\/55330"}],"wp:attachment":[{"href":"https:\/\/hantom.ch\/fr\/wp-json\/wp\/v2\/media?parent=102550"}],"wp:term":[{"taxonomy":"product_brand","embeddable":true,"href":"https:\/\/hantom.ch\/fr\/wp-json\/wp\/v2\/product_brand?post=102550"},{"taxonomy":"product_cat","embeddable":true,"href":"https:\/\/hantom.ch\/fr\/wp-json\/wp\/v2\/product_cat?post=102550"},{"taxonomy":"product_tag","embeddable":true,"href":"https:\/\/hantom.ch\/fr\/wp-json\/wp\/v2\/product_tag?post=102550"}],"curies":[{"name":"wp","href":"https:\/\/api.w.org\/{rel}","templated":true}]}}