{"id":102555,"date":"2026-04-19T02:02:53","date_gmt":"2026-04-19T00:02:53","guid":{"rendered":"https:\/\/hantom.ch\/product\/e0401006-jonction-thermoretr-bt-1kv-4-conduct-avec-contact-a-visser-vm46-ds-035-095-1\/"},"modified":"2026-04-01T10:33:15","modified_gmt":"2026-04-01T08:33:15","slug":"e0401006-jonction-thermoretr-bt-1kv-4-conduct-avec-contact-a-visser-vm46-ds-035-095-1","status":"publish","type":"product","link":"https:\/\/hantom.ch\/fr\/produit\/e0401006-jonction-thermoretr-bt-1kv-4-conduct-avec-contact-a-visser-vm46-ds-035-095-1\/","title":{"rendered":"E0401006 &#8211; Jonction thermor\u00e9tr. BT 1kV, avec connect., 4 conduct. VM46\/DS 035-095 (1)"},"content":{"rendered":"<p>Jonction thermor\u00e9tractable BT 1kV DIN 47640 <br \/>avec connecteur \u00e0 vis \u00e9tanche longitudinalement <br \/>avec vis \u00e0 t\u00eate fusible, pour c\u00e2ble<br \/>GKN 3 x 35&#8230;95\/35&#8230;95mm2 <br \/>GN-CLN 4 x 35&#8230;95mm2 <br \/>avec conducteurs Cu ou Al re, rm, sm ou se <br \/>Set \u00e0 1 pi\u00e8ce<\/p>\n","protected":false},"excerpt":{"rendered":"<p>Jonction thermor\u00e9tractable BT 1kV DIN 47640 avec connecteur \u00e0 vis \u00e9tanche longitudinalement avec vis \u00e0 t\u00eate fusible, pour c\u00e2bleGKN 3 x 35&#8230;95\/35&#8230;95mm2 GN-CLN 4 x 35&#8230;95mm2 avec conducteurs Cu ou Al re, rm, sm ou se Set \u00e0 1 pi\u00e8ce<\/p>\n","protected":false},"featured_media":55342,"template":"","meta":[],"product_brand":[],"product_cat":[1111,1065,1112,1113],"product_tag":[],"class_list":{"0":"post-102555","1":"product","2":"type-product","3":"status-publish","4":"has-post-thumbnail","6":"product_cat-e04-fr","7":"product_cat-e-fr","8":"product_cat-e0401-fr","9":"product_cat-e04010-fr","11":"first","12":"instock","13":"taxable","14":"shipping-taxable","15":"purchasable","16":"product-type-simple"},"_links":{"self":[{"href":"https:\/\/hantom.ch\/fr\/wp-json\/wp\/v2\/product\/102555","targetHints":{"allow":["GET"]}}],"collection":[{"href":"https:\/\/hantom.ch\/fr\/wp-json\/wp\/v2\/product"}],"about":[{"href":"https:\/\/hantom.ch\/fr\/wp-json\/wp\/v2\/types\/product"}],"wp:featuredmedia":[{"embeddable":true,"href":"https:\/\/hantom.ch\/fr\/wp-json\/wp\/v2\/media\/55342"}],"wp:attachment":[{"href":"https:\/\/hantom.ch\/fr\/wp-json\/wp\/v2\/media?parent=102555"}],"wp:term":[{"taxonomy":"product_brand","embeddable":true,"href":"https:\/\/hantom.ch\/fr\/wp-json\/wp\/v2\/product_brand?post=102555"},{"taxonomy":"product_cat","embeddable":true,"href":"https:\/\/hantom.ch\/fr\/wp-json\/wp\/v2\/product_cat?post=102555"},{"taxonomy":"product_tag","embeddable":true,"href":"https:\/\/hantom.ch\/fr\/wp-json\/wp\/v2\/product_tag?post=102555"}],"curies":[{"name":"wp","href":"https:\/\/api.w.org\/{rel}","templated":true}]}}