{"id":102566,"date":"2026-04-18T02:15:48","date_gmt":"2026-04-18T00:15:48","guid":{"rendered":"https:\/\/hantom.ch\/product\/e0401101-jonction-thermoretr-bt-1kv-5-conduct-avec-connect-a-visser-vm51-ds-02-5-006-1\/"},"modified":"2026-04-01T10:33:28","modified_gmt":"2026-04-01T08:33:28","slug":"e0401101-jonction-thermoretr-bt-1kv-5-conduct-avec-connect-a-visser-vm51-ds-02-5-006-1","status":"publish","type":"product","link":"https:\/\/hantom.ch\/fr\/produit\/e0401101-jonction-thermoretr-bt-1kv-5-conduct-avec-connect-a-visser-vm51-ds-02-5-006-1\/","title":{"rendered":"E0401101 &#8211; Jonction thermor\u00e9tr. BT 1kV 5 conduct. avec connect. \u00e0 vis VM51\/DS 02.5-006 (1)"},"content":{"rendered":"<p>Jonction thermor\u00e9tractable BT 1kV DIN 47640 <br \/>avec connecteur \u00e0 vis \u00e9tanche longitudinalement <br \/>avec vis \u00e0 t\u00eate fusible<br \/>pour c\u00e2ble<br \/>GKN 4 x 2.5&#8230;6\/2.5&#8230;6mm2 <br \/>GN-CLN 5 x 2.5&#8230;6mm2 <br \/>avec conducteurs Cu ou Al re<br \/>Set \u00e0 1 pi\u00e8ce<\/p>\n","protected":false},"excerpt":{"rendered":"<p>Jonction thermor\u00e9tractable BT 1kV DIN 47640 avec connecteur \u00e0 vis \u00e9tanche longitudinalement avec vis \u00e0 t\u00eate fusiblepour c\u00e2bleGKN 4 x 2.5&#8230;6\/2.5&#8230;6mm2 GN-CLN 5 x 2.5&#8230;6mm2 avec conducteurs Cu ou Al reSet \u00e0 1 pi\u00e8ce<\/p>\n","protected":false},"featured_media":0,"template":"","meta":[],"product_brand":[],"product_cat":[1111,1065,1112,1113],"product_tag":[],"class_list":{"0":"post-102566","1":"product","2":"type-product","3":"status-publish","5":"product_cat-e04-fr","6":"product_cat-e-fr","7":"product_cat-e0401-fr","8":"product_cat-e04010-fr","10":"first","11":"instock","12":"taxable","13":"shipping-taxable","14":"purchasable","15":"product-type-simple"},"_links":{"self":[{"href":"https:\/\/hantom.ch\/fr\/wp-json\/wp\/v2\/product\/102566","targetHints":{"allow":["GET"]}}],"collection":[{"href":"https:\/\/hantom.ch\/fr\/wp-json\/wp\/v2\/product"}],"about":[{"href":"https:\/\/hantom.ch\/fr\/wp-json\/wp\/v2\/types\/product"}],"wp:attachment":[{"href":"https:\/\/hantom.ch\/fr\/wp-json\/wp\/v2\/media?parent=102566"}],"wp:term":[{"taxonomy":"product_brand","embeddable":true,"href":"https:\/\/hantom.ch\/fr\/wp-json\/wp\/v2\/product_brand?post=102566"},{"taxonomy":"product_cat","embeddable":true,"href":"https:\/\/hantom.ch\/fr\/wp-json\/wp\/v2\/product_cat?post=102566"},{"taxonomy":"product_tag","embeddable":true,"href":"https:\/\/hantom.ch\/fr\/wp-json\/wp\/v2\/product_tag?post=102566"}],"curies":[{"name":"wp","href":"https:\/\/api.w.org\/{rel}","templated":true}]}}