{"id":102567,"date":"2026-05-09T02:16:02","date_gmt":"2026-05-09T00:16:02","guid":{"rendered":"https:\/\/hantom.ch\/product\/e0401102-jonction-thermoretr-bt-1kv-5-conduct-avec-connect-a-visser-vm52-ds-004-010-1\/"},"modified":"2026-04-01T10:33:29","modified_gmt":"2026-04-01T08:33:29","slug":"e0401102-jonction-thermoretr-bt-1kv-5-conduct-avec-connect-a-visser-vm52-ds-004-010-1","status":"publish","type":"product","link":"https:\/\/hantom.ch\/fr\/produit\/e0401102-jonction-thermoretr-bt-1kv-5-conduct-avec-connect-a-visser-vm52-ds-004-010-1\/","title":{"rendered":"E0401102 &#8211; Jonction thermor\u00e9tr. BT 1kV 5 conduct. avec connect. \u00e0 vis VM52\/DS 004-010 (1)"},"content":{"rendered":"<p>Jonction thermor\u00e9tractable BT 1kV DIN 47640 <br \/>avec connecteur \u00e0 vis \u00e9tanche<br \/>longitudinalement avec vis \u00e0 t\u00eate fusible <br \/>GKN 4 x 4&#8230;10\/4&#8230;10 mm2 und<br \/>GN-CLN 5 x 4&#8230;10 mm2<br \/>avec conducteurs Cu ou Al re<br \/>Set \u00e0 1 pi\u00e8ce<\/p>\n","protected":false},"excerpt":{"rendered":"<p>Jonction thermor\u00e9tractable BT 1kV DIN 47640 avec connecteur \u00e0 vis \u00e9tanchelongitudinalement avec vis \u00e0 t\u00eate fusible GKN 4 x 4&#8230;10\/4&#8230;10 mm2 undGN-CLN 5 x 4&#8230;10 mm2avec conducteurs Cu ou Al reSet \u00e0 1 pi\u00e8ce<\/p>\n","protected":false},"featured_media":33114,"template":"","meta":[],"product_brand":[],"product_cat":[1111,1065,1120,1119],"product_tag":[],"class_list":{"0":"post-102567","1":"product","2":"type-product","3":"status-publish","4":"has-post-thumbnail","6":"product_cat-e04-fr","7":"product_cat-e-fr","8":"product_cat-e04020-fr","9":"product_cat-e0402-fr","11":"first","12":"instock","13":"taxable","14":"shipping-taxable","15":"purchasable","16":"product-type-simple"},"_links":{"self":[{"href":"https:\/\/hantom.ch\/fr\/wp-json\/wp\/v2\/product\/102567","targetHints":{"allow":["GET"]}}],"collection":[{"href":"https:\/\/hantom.ch\/fr\/wp-json\/wp\/v2\/product"}],"about":[{"href":"https:\/\/hantom.ch\/fr\/wp-json\/wp\/v2\/types\/product"}],"wp:featuredmedia":[{"embeddable":true,"href":"https:\/\/hantom.ch\/fr\/wp-json\/wp\/v2\/media\/33114"}],"wp:attachment":[{"href":"https:\/\/hantom.ch\/fr\/wp-json\/wp\/v2\/media?parent=102567"}],"wp:term":[{"taxonomy":"product_brand","embeddable":true,"href":"https:\/\/hantom.ch\/fr\/wp-json\/wp\/v2\/product_brand?post=102567"},{"taxonomy":"product_cat","embeddable":true,"href":"https:\/\/hantom.ch\/fr\/wp-json\/wp\/v2\/product_cat?post=102567"},{"taxonomy":"product_tag","embeddable":true,"href":"https:\/\/hantom.ch\/fr\/wp-json\/wp\/v2\/product_tag?post=102567"}],"curies":[{"name":"wp","href":"https:\/\/api.w.org\/{rel}","templated":true}]}}