{"id":102568,"date":"2026-04-20T02:15:45","date_gmt":"2026-04-20T00:15:45","guid":{"rendered":"https:\/\/hantom.ch\/product\/e0401103-jonction-thermoretr-bt-1kv-5-conduct-avec-connect-a-visser-vm53-ds-004-016-1\/"},"modified":"2026-04-01T10:33:29","modified_gmt":"2026-04-01T08:33:29","slug":"e0401103-jonction-thermoretr-bt-1kv-5-conduct-avec-connect-a-visser-vm53-ds-004-016-1","status":"publish","type":"product","link":"https:\/\/hantom.ch\/fr\/produit\/e0401103-jonction-thermoretr-bt-1kv-5-conduct-avec-connect-a-visser-vm53-ds-004-016-1\/","title":{"rendered":"E0401103 &#8211; Jonction thermor\u00e9tr. BT 1kV 5 conduct. avec connect. \u00e0 vis VM53\/DS 004-016 (1)"},"content":{"rendered":"<p>Jonction thermor\u00e9tractable BT 1 kV DIN 47640<br \/>avec connecteur \u00e0 vis \u00e9tanche longitudinalement, <br \/>avec vis \u00e0 t\u00eate fusible, pour c\u00e2ble<br \/>GKN 4 x 4&#8230;16\/4&#8230;16 mm2<br \/>GN-CLN 5 x 4&#8230;16 mm2 <br \/>Conducteur Cu ou Al:  re, rm<br \/>Set \u00e0 1 pce<\/p>\n","protected":false},"excerpt":{"rendered":"<p>Jonction thermor\u00e9tractable BT 1 kV DIN 47640avec connecteur \u00e0 vis \u00e9tanche longitudinalement, avec vis \u00e0 t\u00eate fusible, pour c\u00e2bleGKN 4 x 4&#8230;16\/4&#8230;16 mm2GN-CLN 5 x 4&#8230;16 mm2 Conducteur Cu ou Al: re, rmSet \u00e0 1 pce<\/p>\n","protected":false},"featured_media":70159,"template":"","meta":[],"product_brand":[],"product_cat":[1111,1065,1112,1114],"product_tag":[],"class_list":{"0":"post-102568","1":"product","2":"type-product","3":"status-publish","4":"has-post-thumbnail","6":"product_cat-e04-fr","7":"product_cat-e-fr","8":"product_cat-e0401-fr","9":"product_cat-e04011-fr","11":"first","12":"instock","13":"taxable","14":"shipping-taxable","15":"purchasable","16":"product-type-simple"},"_links":{"self":[{"href":"https:\/\/hantom.ch\/fr\/wp-json\/wp\/v2\/product\/102568","targetHints":{"allow":["GET"]}}],"collection":[{"href":"https:\/\/hantom.ch\/fr\/wp-json\/wp\/v2\/product"}],"about":[{"href":"https:\/\/hantom.ch\/fr\/wp-json\/wp\/v2\/types\/product"}],"wp:featuredmedia":[{"embeddable":true,"href":"https:\/\/hantom.ch\/fr\/wp-json\/wp\/v2\/media\/70159"}],"wp:attachment":[{"href":"https:\/\/hantom.ch\/fr\/wp-json\/wp\/v2\/media?parent=102568"}],"wp:term":[{"taxonomy":"product_brand","embeddable":true,"href":"https:\/\/hantom.ch\/fr\/wp-json\/wp\/v2\/product_brand?post=102568"},{"taxonomy":"product_cat","embeddable":true,"href":"https:\/\/hantom.ch\/fr\/wp-json\/wp\/v2\/product_cat?post=102568"},{"taxonomy":"product_tag","embeddable":true,"href":"https:\/\/hantom.ch\/fr\/wp-json\/wp\/v2\/product_tag?post=102568"}],"curies":[{"name":"wp","href":"https:\/\/api.w.org\/{rel}","templated":true}]}}