{"id":102572,"date":"2026-04-18T02:15:58","date_gmt":"2026-04-18T00:15:58","guid":{"rendered":"https:\/\/hantom.ch\/product\/e0401107-jonction-thermoretr-bt-1kv-5-conduct-avec-connect-a-visser-vm57-ds-050-150-1\/"},"modified":"2026-04-01T10:33:35","modified_gmt":"2026-04-01T08:33:35","slug":"e0401107-jonction-thermoretr-bt-1kv-5-conduct-avec-connect-a-visser-vm57-ds-050-150-1","status":"publish","type":"product","link":"https:\/\/hantom.ch\/fr\/produit\/e0401107-jonction-thermoretr-bt-1kv-5-conduct-avec-connect-a-visser-vm57-ds-050-150-1\/","title":{"rendered":"E0401107 &#8211; Jonction thermor\u00e9tr. BT 1kV 5 conduct. avec connect. \u00e0 vis VM57\/DS 050-150 (1)"},"content":{"rendered":"<p>Jonction thermor\u00e9tractable BT 1 kV DIN 47640<br \/>avec connecteur \u00e0 vis \u00e9tanche longitudinalement <br \/>avec vis \u00e0 t\u00eate fusible, pour c\u00e2ble<br \/>GKN 4 x 50&#8230;150\/50&#8230;150 mm2<br \/>GN-CLN 5 x 50&#8230;150 mm2<br \/>Conducteur Cu ou Al:  re, rm, se, sm<br \/>Set \u00e0 1 pce<\/p>\n","protected":false},"excerpt":{"rendered":"<p>Jonction thermor\u00e9tractable BT 1 kV DIN 47640avec connecteur \u00e0 vis \u00e9tanche longitudinalement avec vis \u00e0 t\u00eate fusible, pour c\u00e2bleGKN 4 x 50&#8230;150\/50&#8230;150 mm2GN-CLN 5 x 50&#8230;150 mm2Conducteur Cu ou Al: re, rm, se, smSet \u00e0 1 pce<\/p>\n","protected":false},"featured_media":75020,"template":"","meta":[],"product_brand":[],"product_cat":[1111,1065,1112,1114],"product_tag":[],"class_list":{"0":"post-102572","1":"product","2":"type-product","3":"status-publish","4":"has-post-thumbnail","6":"product_cat-e04-fr","7":"product_cat-e-fr","8":"product_cat-e0401-fr","9":"product_cat-e04011-fr","11":"first","12":"instock","13":"taxable","14":"shipping-taxable","15":"purchasable","16":"product-type-simple"},"_links":{"self":[{"href":"https:\/\/hantom.ch\/fr\/wp-json\/wp\/v2\/product\/102572","targetHints":{"allow":["GET"]}}],"collection":[{"href":"https:\/\/hantom.ch\/fr\/wp-json\/wp\/v2\/product"}],"about":[{"href":"https:\/\/hantom.ch\/fr\/wp-json\/wp\/v2\/types\/product"}],"wp:featuredmedia":[{"embeddable":true,"href":"https:\/\/hantom.ch\/fr\/wp-json\/wp\/v2\/media\/75020"}],"wp:attachment":[{"href":"https:\/\/hantom.ch\/fr\/wp-json\/wp\/v2\/media?parent=102572"}],"wp:term":[{"taxonomy":"product_brand","embeddable":true,"href":"https:\/\/hantom.ch\/fr\/wp-json\/wp\/v2\/product_brand?post=102572"},{"taxonomy":"product_cat","embeddable":true,"href":"https:\/\/hantom.ch\/fr\/wp-json\/wp\/v2\/product_cat?post=102572"},{"taxonomy":"product_tag","embeddable":true,"href":"https:\/\/hantom.ch\/fr\/wp-json\/wp\/v2\/product_tag?post=102572"}],"curies":[{"name":"wp","href":"https:\/\/api.w.org\/{rel}","templated":true}]}}