{"id":102581,"date":"2026-04-18T02:16:18","date_gmt":"2026-04-18T00:16:18","guid":{"rendered":"https:\/\/hantom.ch\/product\/e0401209-jonction-thermoretr-bt-1kv-2-conduct-avec-connect-a-visser-vm29-df-095-300-1\/"},"modified":"2026-04-01T10:33:43","modified_gmt":"2026-04-01T08:33:43","slug":"e0401209-jonction-thermoretr-bt-1kv-2-conduct-avec-connect-a-visser-vm29-df-095-300-1","status":"publish","type":"product","link":"https:\/\/hantom.ch\/fr\/produit\/e0401209-jonction-thermoretr-bt-1kv-2-conduct-avec-connect-a-visser-vm29-df-095-300-1\/","title":{"rendered":"E0401209 &#8211; Jonction thermor\u00e9tr. BT 1kV 2 conduct. avec connect. \u00e0 vis VM29\/DF 095-300 (1)"},"content":{"rendered":"<p>Jonction thermor\u00e9tractable BT 1kV<br \/>avec connecteur \u00e0 vis \u00e9tanche<br \/>longitudinalement avec vis \u00e0 t\u00eate fusible<br \/>pour c\u00e2ble<br \/>GKN 1 x 95&#8230;300\/25&#8230;100 mm2  <br \/>Conducteurs Cu ou Al re, rm<br \/>Set \u00e0 1 pce<\/p>\n","protected":false},"excerpt":{"rendered":"<p>Jonction thermor\u00e9tractable BT 1kVavec connecteur \u00e0 vis \u00e9tanchelongitudinalement avec vis \u00e0 t\u00eate fusiblepour c\u00e2bleGKN 1 x 95&#8230;300\/25&#8230;100 mm2 Conducteurs Cu ou Al re, rmSet \u00e0 1 pce<\/p>\n","protected":false},"featured_media":0,"template":"","meta":[],"product_brand":[],"product_cat":[1111,1065,1112,1115],"product_tag":[],"class_list":{"0":"post-102581","1":"product","2":"type-product","3":"status-publish","5":"product_cat-e04-fr","6":"product_cat-e-fr","7":"product_cat-e0401-fr","8":"product_cat-e04012-fr","10":"first","11":"instock","12":"taxable","13":"shipping-taxable","14":"purchasable","15":"product-type-simple"},"_links":{"self":[{"href":"https:\/\/hantom.ch\/fr\/wp-json\/wp\/v2\/product\/102581","targetHints":{"allow":["GET"]}}],"collection":[{"href":"https:\/\/hantom.ch\/fr\/wp-json\/wp\/v2\/product"}],"about":[{"href":"https:\/\/hantom.ch\/fr\/wp-json\/wp\/v2\/types\/product"}],"wp:attachment":[{"href":"https:\/\/hantom.ch\/fr\/wp-json\/wp\/v2\/media?parent=102581"}],"wp:term":[{"taxonomy":"product_brand","embeddable":true,"href":"https:\/\/hantom.ch\/fr\/wp-json\/wp\/v2\/product_brand?post=102581"},{"taxonomy":"product_cat","embeddable":true,"href":"https:\/\/hantom.ch\/fr\/wp-json\/wp\/v2\/product_cat?post=102581"},{"taxonomy":"product_tag","embeddable":true,"href":"https:\/\/hantom.ch\/fr\/wp-json\/wp\/v2\/product_tag?post=102581"}],"curies":[{"name":"wp","href":"https:\/\/api.w.org\/{rel}","templated":true}]}}