{"id":102585,"date":"2026-04-19T02:16:19","date_gmt":"2026-04-19T00:16:19","guid":{"rendered":"https:\/\/hantom.ch\/product\/e0401303-jonction-thermoretractable-installation-1-kv-sjk4x95c-4-leiter-50-95-mm%c2%b2\/"},"modified":"2026-04-01T10:33:46","modified_gmt":"2026-04-01T08:33:46","slug":"e0401303-jonction-thermoretractable-installation-1-kv-sjk4x95c-4-leiter-50-95-mm%c2%b2","status":"publish","type":"product","link":"https:\/\/hantom.ch\/fr\/produit\/e0401303-jonction-thermoretractable-installation-1-kv-sjk4x95c-4-leiter-50-95-mm%c2%b2\/","title":{"rendered":"E0401303 &#8211; Jonction thermor\u00e9tractable installation 1 kV SJK4X95C \/ 4 Leiter \/ 50-95 mm\u00b2"},"content":{"rendered":"<p>avec connecteur \u00e0 vis<br \/>pour c\u00e2ble 4 conducteurs sans \u00e9cran m\u00e9tallique<br \/>(FE0-D, etc.)<br \/>Set \u00e0 1 pce<\/p>\n","protected":false},"excerpt":{"rendered":"<p>avec connecteur \u00e0 vispour c\u00e2ble 4 conducteurs sans \u00e9cran m\u00e9tallique(FE0-D, etc.)Set \u00e0 1 pce<\/p>\n","protected":false},"featured_media":70008,"template":"","meta":[],"product_brand":[],"product_cat":[1111,1065,1116,1112],"product_tag":[],"class_list":{"0":"post-102585","1":"product","2":"type-product","3":"status-publish","4":"has-post-thumbnail","6":"product_cat-e04-fr","7":"product_cat-e-fr","8":"product_cat-e04013-fr","9":"product_cat-e0401-fr","11":"first","12":"instock","13":"taxable","14":"shipping-taxable","15":"purchasable","16":"product-type-simple"},"_links":{"self":[{"href":"https:\/\/hantom.ch\/fr\/wp-json\/wp\/v2\/product\/102585","targetHints":{"allow":["GET"]}}],"collection":[{"href":"https:\/\/hantom.ch\/fr\/wp-json\/wp\/v2\/product"}],"about":[{"href":"https:\/\/hantom.ch\/fr\/wp-json\/wp\/v2\/types\/product"}],"wp:featuredmedia":[{"embeddable":true,"href":"https:\/\/hantom.ch\/fr\/wp-json\/wp\/v2\/media\/70008"}],"wp:attachment":[{"href":"https:\/\/hantom.ch\/fr\/wp-json\/wp\/v2\/media?parent=102585"}],"wp:term":[{"taxonomy":"product_brand","embeddable":true,"href":"https:\/\/hantom.ch\/fr\/wp-json\/wp\/v2\/product_brand?post=102585"},{"taxonomy":"product_cat","embeddable":true,"href":"https:\/\/hantom.ch\/fr\/wp-json\/wp\/v2\/product_cat?post=102585"},{"taxonomy":"product_tag","embeddable":true,"href":"https:\/\/hantom.ch\/fr\/wp-json\/wp\/v2\/product_tag?post=102585"}],"curies":[{"name":"wp","href":"https:\/\/api.w.org\/{rel}","templated":true}]}}