{"id":102594,"date":"2026-04-19T02:16:35","date_gmt":"2026-04-19T00:16:35","guid":{"rendered":"https:\/\/hantom.ch\/product\/e0401404-jonction-thermoretractable-1-kv-sjkv3c-5-conducteurs-95-240-mm%c2%b2\/"},"modified":"2026-04-01T10:33:54","modified_gmt":"2026-04-01T08:33:54","slug":"e0401404-jonction-thermoretractable-1-kv-sjkv3c-5-conducteurs-95-240-mm%c2%b2","status":"publish","type":"product","link":"https:\/\/hantom.ch\/fr\/produit\/e0401404-jonction-thermoretractable-1-kv-sjkv3c-5-conducteurs-95-240-mm%c2%b2\/","title":{"rendered":"E0401404 &#8211; Jonction thermor\u00e9tractable 1 kV SJKV3C \/ 5 conducteurs \/ 95-240 mm\u00b2"},"content":{"rendered":"<p>Jonction thermor\u00e9tractable BT 1kV  ENSTO DIN 47640<br \/>avec connecteur \u00e0 vis et vis \u00e0 t\u00eate fusible<br \/>pour c\u00e2ble<br \/>GKN 4 x 95&#8230;240\/95&#8230;240 mm2<br \/>Conducteur Cu ou Al:  re, rm, se, sm<br \/>Set \u00e0 1 pce<\/p>\n","protected":false},"excerpt":{"rendered":"<p>Jonction thermor\u00e9tractable BT 1kV ENSTO DIN 47640avec connecteur \u00e0 vis et vis \u00e0 t\u00eate fusiblepour c\u00e2bleGKN 4 x 95&#8230;240\/95&#8230;240 mm2Conducteur Cu ou Al: re, rm, se, smSet \u00e0 1 pce<\/p>\n","protected":false},"featured_media":55504,"template":"","meta":[],"product_brand":[],"product_cat":[1111,1065,1117,1112],"product_tag":[],"class_list":{"0":"post-102594","1":"product","2":"type-product","3":"status-publish","4":"has-post-thumbnail","6":"product_cat-e04-fr","7":"product_cat-e-fr","8":"product_cat-e04014-fr","9":"product_cat-e0401-fr","11":"first","12":"instock","13":"taxable","14":"shipping-taxable","15":"purchasable","16":"product-type-simple"},"_links":{"self":[{"href":"https:\/\/hantom.ch\/fr\/wp-json\/wp\/v2\/product\/102594","targetHints":{"allow":["GET"]}}],"collection":[{"href":"https:\/\/hantom.ch\/fr\/wp-json\/wp\/v2\/product"}],"about":[{"href":"https:\/\/hantom.ch\/fr\/wp-json\/wp\/v2\/types\/product"}],"wp:featuredmedia":[{"embeddable":true,"href":"https:\/\/hantom.ch\/fr\/wp-json\/wp\/v2\/media\/55504"}],"wp:attachment":[{"href":"https:\/\/hantom.ch\/fr\/wp-json\/wp\/v2\/media?parent=102594"}],"wp:term":[{"taxonomy":"product_brand","embeddable":true,"href":"https:\/\/hantom.ch\/fr\/wp-json\/wp\/v2\/product_brand?post=102594"},{"taxonomy":"product_cat","embeddable":true,"href":"https:\/\/hantom.ch\/fr\/wp-json\/wp\/v2\/product_cat?post=102594"},{"taxonomy":"product_tag","embeddable":true,"href":"https:\/\/hantom.ch\/fr\/wp-json\/wp\/v2\/product_tag?post=102594"}],"curies":[{"name":"wp","href":"https:\/\/api.w.org\/{rel}","templated":true}]}}