{"id":102596,"date":"2026-05-12T02:32:07","date_gmt":"2026-05-12T00:32:07","guid":{"rendered":"https:\/\/hantom.ch\/product\/e0402001-jonction-thermoretr-bt-1kv-manchette-avec-connect-a-vis-4-conducteurs-vmr41-ds-02-5-006-1\/"},"modified":"2026-04-01T10:33:54","modified_gmt":"2026-04-01T08:33:54","slug":"e0402001-jonction-thermoretr-bt-1kv-manchette-avec-connect-a-vis-4-conducteurs-vmr41-ds-02-5-006-1","status":"publish","type":"product","link":"https:\/\/hantom.ch\/fr\/produit\/e0402001-jonction-thermoretr-bt-1kv-manchette-avec-connect-a-vis-4-conducteurs-vmr41-ds-02-5-006-1\/","title":{"rendered":"E0402001 &#8211; Jonction thermor\u00e9tr. BT 1kV + manchette, avec connect.\u00e0 vis, 4 conduct. VMR41\/DS 02.5-006 (1)"},"content":{"rendered":"<p>Jonction thermor\u00e9tractable BT 1kV DIN 47640 <br \/>avec manchette de r\u00e9paration renforc\u00e9e, <br \/>connecteur \u00e0 vis \u00e9tanche longitudinalement et<br \/>vis \u00e0 t\u00eate fusible, pour c\u00e2ble<br \/>GKN 3 x 2.5\u20266\/2.5\u2026 6 mm2 <br \/>GN-CLN 4 x 2.5\u2026 6 mm2<br \/>avec conducteurs Cu ou Al re<br \/>Set \u00e0 1 pi\u00e8ce<\/p>\n","protected":false},"excerpt":{"rendered":"<p>Jonction thermor\u00e9tractable BT 1kV DIN 47640 avec manchette de r\u00e9paration renforc\u00e9e, connecteur \u00e0 vis \u00e9tanche longitudinalement etvis \u00e0 t\u00eate fusible, pour c\u00e2bleGKN 3 x 2.5\u20266\/2.5\u2026 6 mm2 GN-CLN 4 x 2.5\u2026 6 mm2avec conducteurs Cu ou Al reSet \u00e0 1 pi\u00e8ce<\/p>\n","protected":false},"featured_media":39651,"template":"","meta":[],"product_brand":[],"product_cat":[1111,1065,1120,1119],"product_tag":[],"class_list":{"0":"post-102596","1":"product","2":"type-product","3":"status-publish","4":"has-post-thumbnail","6":"product_cat-e04-fr","7":"product_cat-e-fr","8":"product_cat-e04020-fr","9":"product_cat-e0402-fr","11":"first","12":"instock","13":"taxable","14":"shipping-taxable","15":"purchasable","16":"product-type-simple"},"_links":{"self":[{"href":"https:\/\/hantom.ch\/fr\/wp-json\/wp\/v2\/product\/102596","targetHints":{"allow":["GET"]}}],"collection":[{"href":"https:\/\/hantom.ch\/fr\/wp-json\/wp\/v2\/product"}],"about":[{"href":"https:\/\/hantom.ch\/fr\/wp-json\/wp\/v2\/types\/product"}],"wp:featuredmedia":[{"embeddable":true,"href":"https:\/\/hantom.ch\/fr\/wp-json\/wp\/v2\/media\/39651"}],"wp:attachment":[{"href":"https:\/\/hantom.ch\/fr\/wp-json\/wp\/v2\/media?parent=102596"}],"wp:term":[{"taxonomy":"product_brand","embeddable":true,"href":"https:\/\/hantom.ch\/fr\/wp-json\/wp\/v2\/product_brand?post=102596"},{"taxonomy":"product_cat","embeddable":true,"href":"https:\/\/hantom.ch\/fr\/wp-json\/wp\/v2\/product_cat?post=102596"},{"taxonomy":"product_tag","embeddable":true,"href":"https:\/\/hantom.ch\/fr\/wp-json\/wp\/v2\/product_tag?post=102596"}],"curies":[{"name":"wp","href":"https:\/\/api.w.org\/{rel}","templated":true}]}}