{"id":102598,"date":"2026-05-09T02:17:13","date_gmt":"2026-05-09T00:17:13","guid":{"rendered":"https:\/\/hantom.ch\/product\/e0402003-jonction-thermoretr-bt-1kv-din-47640manchette-et-connect-a-vis-1kv4-cond-vmr43-ds-004-016-1\/"},"modified":"2026-04-01T10:33:55","modified_gmt":"2026-04-01T08:33:55","slug":"e0402003-jonction-thermoretr-bt-1kv-din-47640manchette-et-connect-a-vis-1kv4-cond-vmr43-ds-004-016-1","status":"publish","type":"product","link":"https:\/\/hantom.ch\/fr\/produit\/e0402003-jonction-thermoretr-bt-1kv-din-47640manchette-et-connect-a-vis-1kv4-cond-vmr43-ds-004-016-1\/","title":{"rendered":"E0402003 &#8211; Jonction thermor\u00e9tr. BT 1kV DIN 47640+manchette et connect.\u00e0 vis 1kV,4 cond. VMR43\/DS 004-016 (1)"},"content":{"rendered":"<p>Jonction thermor\u00e9tractable BT 1kV DIN 47640 avec<br \/>manchette de r\u00e9paration renforc\u00e9e et connecteur \u00e0 <br \/>vis \u00e9tanche longitudinalement avec vis \u00e0 t\u00eate fusible<br \/>pour c\u00e2ble <br \/>GKN 3 x 4&#8230;16\/4&#8230;16mm2 et<br \/>GN-CLN 4 x 4&#8230;16mm2 <br \/>avec conducteurs Cu ou Al re, rm<br \/>Set de 1 pi\u00e8ce<\/p>\n","protected":false},"excerpt":{"rendered":"<p>Jonction thermor\u00e9tractable BT 1kV DIN 47640 avecmanchette de r\u00e9paration renforc\u00e9e et connecteur \u00e0 vis \u00e9tanche longitudinalement avec vis \u00e0 t\u00eate fusiblepour c\u00e2ble GKN 3 x 4&#8230;16\/4&#8230;16mm2 etGN-CLN 4 x 4&#8230;16mm2 avec conducteurs Cu ou Al re, rmSet de 1 pi\u00e8ce<\/p>\n","protected":false},"featured_media":39654,"template":"","meta":[],"product_brand":[],"product_cat":[1111,1065,1120,1119],"product_tag":[],"class_list":{"0":"post-102598","1":"product","2":"type-product","3":"status-publish","4":"has-post-thumbnail","6":"product_cat-e04-fr","7":"product_cat-e-fr","8":"product_cat-e04020-fr","9":"product_cat-e0402-fr","11":"first","12":"instock","13":"taxable","14":"shipping-taxable","15":"purchasable","16":"product-type-simple"},"_links":{"self":[{"href":"https:\/\/hantom.ch\/fr\/wp-json\/wp\/v2\/product\/102598","targetHints":{"allow":["GET"]}}],"collection":[{"href":"https:\/\/hantom.ch\/fr\/wp-json\/wp\/v2\/product"}],"about":[{"href":"https:\/\/hantom.ch\/fr\/wp-json\/wp\/v2\/types\/product"}],"wp:featuredmedia":[{"embeddable":true,"href":"https:\/\/hantom.ch\/fr\/wp-json\/wp\/v2\/media\/39654"}],"wp:attachment":[{"href":"https:\/\/hantom.ch\/fr\/wp-json\/wp\/v2\/media?parent=102598"}],"wp:term":[{"taxonomy":"product_brand","embeddable":true,"href":"https:\/\/hantom.ch\/fr\/wp-json\/wp\/v2\/product_brand?post=102598"},{"taxonomy":"product_cat","embeddable":true,"href":"https:\/\/hantom.ch\/fr\/wp-json\/wp\/v2\/product_cat?post=102598"},{"taxonomy":"product_tag","embeddable":true,"href":"https:\/\/hantom.ch\/fr\/wp-json\/wp\/v2\/product_tag?post=102598"}],"curies":[{"name":"wp","href":"https:\/\/api.w.org\/{rel}","templated":true}]}}