{"id":102601,"date":"2026-05-09T02:17:19","date_gmt":"2026-05-09T00:17:19","guid":{"rendered":"https:\/\/hantom.ch\/product\/e0402006-jonction-thermoretr-bt-1kv-din-47640manchette-et-connect-a-vis-1kv4-cond-vmr46-ds-035-095-1\/"},"modified":"2026-04-01T10:34:01","modified_gmt":"2026-04-01T08:34:01","slug":"e0402006-jonction-thermoretr-bt-1kv-din-47640manchette-et-connect-a-vis-1kv4-cond-vmr46-ds-035-095-1","status":"publish","type":"product","link":"https:\/\/hantom.ch\/fr\/produit\/e0402006-jonction-thermoretr-bt-1kv-din-47640manchette-et-connect-a-vis-1kv4-cond-vmr46-ds-035-095-1\/","title":{"rendered":"E0402006 &#8211; Jonction thermor\u00e9tr. BT 1kV DIN 47640+manchette et connect.\u00e0 vis 1kV,4 cond. VMR46\/DS 035-095 (1)"},"content":{"rendered":"<p>Jonction thermor\u00e9tractable BT 1kV DIN 47640 <br \/>avec manchette de r\u00e9paration renoforc\u00e9e et <br \/>connecteur \u00e0 vis \u00e9tanche longitudinalement avec <br \/>vis \u00e0 t\u00eate fusible<br \/>pour c\u00e2ble <br \/>GKN 3 x 35\u202695\/35\u2026 95mm2<br \/>GN-CLN 4 x 35\u202695mm2 <br \/>avec conducteurs Cu ou Al re, rm, sm ou se<br \/>Set \u00e0 1 pi\u00e8ce<\/p>\n","protected":false},"excerpt":{"rendered":"<p>Jonction thermor\u00e9tractable BT 1kV DIN 47640 avec manchette de r\u00e9paration renoforc\u00e9e et connecteur \u00e0 vis \u00e9tanche longitudinalement avec vis \u00e0 t\u00eate fusiblepour c\u00e2ble GKN 3 x 35\u202695\/35\u2026 95mm2GN-CLN 4 x 35\u202695mm2 avec conducteurs Cu ou Al re, rm, sm ou seSet \u00e0 1 pi\u00e8ce<\/p>\n","protected":false},"featured_media":39658,"template":"","meta":[],"product_brand":[],"product_cat":[1111,1065,1120,1119],"product_tag":[],"class_list":{"0":"post-102601","1":"product","2":"type-product","3":"status-publish","4":"has-post-thumbnail","6":"product_cat-e04-fr","7":"product_cat-e-fr","8":"product_cat-e04020-fr","9":"product_cat-e0402-fr","11":"first","12":"instock","13":"taxable","14":"shipping-taxable","15":"purchasable","16":"product-type-simple"},"_links":{"self":[{"href":"https:\/\/hantom.ch\/fr\/wp-json\/wp\/v2\/product\/102601","targetHints":{"allow":["GET"]}}],"collection":[{"href":"https:\/\/hantom.ch\/fr\/wp-json\/wp\/v2\/product"}],"about":[{"href":"https:\/\/hantom.ch\/fr\/wp-json\/wp\/v2\/types\/product"}],"wp:featuredmedia":[{"embeddable":true,"href":"https:\/\/hantom.ch\/fr\/wp-json\/wp\/v2\/media\/39658"}],"wp:attachment":[{"href":"https:\/\/hantom.ch\/fr\/wp-json\/wp\/v2\/media?parent=102601"}],"wp:term":[{"taxonomy":"product_brand","embeddable":true,"href":"https:\/\/hantom.ch\/fr\/wp-json\/wp\/v2\/product_brand?post=102601"},{"taxonomy":"product_cat","embeddable":true,"href":"https:\/\/hantom.ch\/fr\/wp-json\/wp\/v2\/product_cat?post=102601"},{"taxonomy":"product_tag","embeddable":true,"href":"https:\/\/hantom.ch\/fr\/wp-json\/wp\/v2\/product_tag?post=102601"}],"curies":[{"name":"wp","href":"https:\/\/api.w.org\/{rel}","templated":true}]}}