{"id":102618,"date":"2026-05-09T02:30:52","date_gmt":"2026-05-09T00:30:52","guid":{"rendered":"https:\/\/hantom.ch\/product\/e0402048-jonction-thermoretr-bt-1kv-manchette-et-connect-a-vis5-conducteurs-vmr58-df-095-240-1\/"},"modified":"2026-04-01T10:34:16","modified_gmt":"2026-04-01T08:34:16","slug":"e0402048-jonction-thermoretr-bt-1kv-manchette-et-connect-a-vis5-conducteurs-vmr58-df-095-240-1","status":"publish","type":"product","link":"https:\/\/hantom.ch\/fr\/produit\/e0402048-jonction-thermoretr-bt-1kv-manchette-et-connect-a-vis5-conducteurs-vmr58-df-095-240-1\/","title":{"rendered":"E0402048 &#8211; Jonction thermor\u00e9tr. BT 1kV + manchette et connect.\u00e0 vis,5 conduct. VMR58\/DF 095-240 (1)"},"content":{"rendered":"<p>Jonction thermor\u00e9tractable BT 1kV DIN 47640 avec<br \/>manchette de r\u00e9paration renforc\u00e9e, avec connecteur \u00e0 vis \u00e9tanche<br \/>longitudinalement avec vis \u00e0 t\u00eate fusible<br \/>GKN 4 x 95&#8230;240\/95&#8230;240 mm2<br \/>GN-CLN 5 x 95&#8230;240 mm2 <br \/>Conducteurs Cu ou Al re, rm, se, sm<br \/>Set \u00e0 1 pce<\/p>\n","protected":false},"excerpt":{"rendered":"<p>Jonction thermor\u00e9tractable BT 1kV DIN 47640 avecmanchette de r\u00e9paration renforc\u00e9e, avec connecteur \u00e0 vis \u00e9tanchelongitudinalement avec vis \u00e0 t\u00eate fusibleGKN 4 x 95&#8230;240\/95&#8230;240 mm2GN-CLN 5 x 95&#8230;240 mm2 Conducteurs Cu ou Al re, rm, se, smSet \u00e0 1 pce<\/p>\n","protected":false},"featured_media":75633,"template":"","meta":[],"product_brand":[],"product_cat":[1111,1065,1120,1119],"product_tag":[],"class_list":{"0":"post-102618","1":"product","2":"type-product","3":"status-publish","4":"has-post-thumbnail","6":"product_cat-e04-fr","7":"product_cat-e-fr","8":"product_cat-e04020-fr","9":"product_cat-e0402-fr","11":"first","12":"instock","13":"taxable","14":"shipping-taxable","15":"purchasable","16":"product-type-simple"},"_links":{"self":[{"href":"https:\/\/hantom.ch\/fr\/wp-json\/wp\/v2\/product\/102618","targetHints":{"allow":["GET"]}}],"collection":[{"href":"https:\/\/hantom.ch\/fr\/wp-json\/wp\/v2\/product"}],"about":[{"href":"https:\/\/hantom.ch\/fr\/wp-json\/wp\/v2\/types\/product"}],"wp:featuredmedia":[{"embeddable":true,"href":"https:\/\/hantom.ch\/fr\/wp-json\/wp\/v2\/media\/75633"}],"wp:attachment":[{"href":"https:\/\/hantom.ch\/fr\/wp-json\/wp\/v2\/media?parent=102618"}],"wp:term":[{"taxonomy":"product_brand","embeddable":true,"href":"https:\/\/hantom.ch\/fr\/wp-json\/wp\/v2\/product_brand?post=102618"},{"taxonomy":"product_cat","embeddable":true,"href":"https:\/\/hantom.ch\/fr\/wp-json\/wp\/v2\/product_cat?post=102618"},{"taxonomy":"product_tag","embeddable":true,"href":"https:\/\/hantom.ch\/fr\/wp-json\/wp\/v2\/product_tag?post=102618"}],"curies":[{"name":"wp","href":"https:\/\/api.w.org\/{rel}","templated":true}]}}