{"id":102619,"date":"2026-04-18T02:30:30","date_gmt":"2026-04-18T00:30:30","guid":{"rendered":"https:\/\/hantom.ch\/product\/e0402062-jonction-thermoretr-bt-1kv-manchettesans-connect-a-vis5-cond-vmr52-p-004-010-1\/"},"modified":"2026-04-01T10:34:21","modified_gmt":"2026-04-01T08:34:21","slug":"e0402062-jonction-thermoretr-bt-1kv-manchettesans-connect-a-vis5-cond-vmr52-p-004-010-1","status":"publish","type":"product","link":"https:\/\/hantom.ch\/fr\/produit\/e0402062-jonction-thermoretr-bt-1kv-manchettesans-connect-a-vis5-cond-vmr52-p-004-010-1\/","title":{"rendered":"E0402062 &#8211; Jonction thermor\u00e9tr. BT 1kV +manchette,sans connect.\u00e0 vis,5 cond. VMR52\/P 004-010 (1)"},"content":{"rendered":"<p>Jonction thermor\u00e9tractable BT 1kV  DIN 47640<br \/>avec manchette de r\u00e9paration renforc\u00e9e, sans connecteur<br \/>pour c\u00e2bles <br \/>GKN 4 x 4&#8230;10\/4&#8230;10 mm2 et<br \/>GN-CLN 5 x 4&#8230;10 mm2 <br \/>Conducteurs Cu ou Al: re, rm<br \/>Set \u00e0 1 pi\u00e8ce<\/p>\n","protected":false},"excerpt":{"rendered":"<p>Jonction thermor\u00e9tractable BT 1kV DIN 47640avec manchette de r\u00e9paration renforc\u00e9e, sans connecteurpour c\u00e2bles GKN 4 x 4&#8230;10\/4&#8230;10 mm2 etGN-CLN 5 x 4&#8230;10 mm2 Conducteurs Cu ou Al: re, rmSet \u00e0 1 pi\u00e8ce<\/p>\n","protected":false},"featured_media":75628,"template":"","meta":[],"product_brand":[],"product_cat":[1111,1065,1112,1113],"product_tag":[],"class_list":{"0":"post-102619","1":"product","2":"type-product","3":"status-publish","4":"has-post-thumbnail","6":"product_cat-e04-fr","7":"product_cat-e-fr","8":"product_cat-e0401-fr","9":"product_cat-e04010-fr","11":"first","12":"instock","13":"taxable","14":"shipping-taxable","15":"purchasable","16":"product-type-simple"},"_links":{"self":[{"href":"https:\/\/hantom.ch\/fr\/wp-json\/wp\/v2\/product\/102619","targetHints":{"allow":["GET"]}}],"collection":[{"href":"https:\/\/hantom.ch\/fr\/wp-json\/wp\/v2\/product"}],"about":[{"href":"https:\/\/hantom.ch\/fr\/wp-json\/wp\/v2\/types\/product"}],"wp:featuredmedia":[{"embeddable":true,"href":"https:\/\/hantom.ch\/fr\/wp-json\/wp\/v2\/media\/75628"}],"wp:attachment":[{"href":"https:\/\/hantom.ch\/fr\/wp-json\/wp\/v2\/media?parent=102619"}],"wp:term":[{"taxonomy":"product_brand","embeddable":true,"href":"https:\/\/hantom.ch\/fr\/wp-json\/wp\/v2\/product_brand?post=102619"},{"taxonomy":"product_cat","embeddable":true,"href":"https:\/\/hantom.ch\/fr\/wp-json\/wp\/v2\/product_cat?post=102619"},{"taxonomy":"product_tag","embeddable":true,"href":"https:\/\/hantom.ch\/fr\/wp-json\/wp\/v2\/product_tag?post=102619"}],"curies":[{"name":"wp","href":"https:\/\/api.w.org\/{rel}","templated":true}]}}