{"id":102621,"date":"2026-04-18T02:30:33","date_gmt":"2026-04-18T00:30:33","guid":{"rendered":"https:\/\/hantom.ch\/product\/e0402064-jonction-thermoretr-bt-1kvmanchettesans-connect-a-vis5-cond-vmr54-p-010-025-1\/"},"modified":"2026-04-01T10:34:22","modified_gmt":"2026-04-01T08:34:22","slug":"e0402064-jonction-thermoretr-bt-1kvmanchettesans-connect-a-vis5-cond-vmr54-p-010-025-1","status":"publish","type":"product","link":"https:\/\/hantom.ch\/fr\/produit\/e0402064-jonction-thermoretr-bt-1kvmanchettesans-connect-a-vis5-cond-vmr54-p-010-025-1\/","title":{"rendered":"E0402064 &#8211; Jonction thermor\u00e9tr. BT 1kV+manchette,sans connect.\u00e0 vis,5 cond. VMR54\/P 010-025 (1)"},"content":{"rendered":"<p>Jonction thermor\u00e9tractable BT 1kV  DIN 47640<br \/>avec manchette de r\u00e9paration renforc\u00e9e, sans connecteur<br \/>pour c\u00e2bles<br \/>GKN 4 x 10&#8230;25\/10&#8230;25 mm2 <br \/>GN-CLN 5 x 10&#8230;25 mm2 <br \/>Conducteurs Cu ou Al: re, rm<br \/>Set \u00e0 1 pi\u00e8ce<\/p>\n","protected":false},"excerpt":{"rendered":"<p>Jonction thermor\u00e9tractable BT 1kV DIN 47640avec manchette de r\u00e9paration renforc\u00e9e, sans connecteurpour c\u00e2blesGKN 4 x 10&#8230;25\/10&#8230;25 mm2 GN-CLN 5 x 10&#8230;25 mm2 Conducteurs Cu ou Al: re, rmSet \u00e0 1 pi\u00e8ce<\/p>\n","protected":false},"featured_media":75630,"template":"","meta":[],"product_brand":[],"product_cat":[1111,1065,1112,1113],"product_tag":[],"class_list":{"0":"post-102621","1":"product","2":"type-product","3":"status-publish","4":"has-post-thumbnail","6":"product_cat-e04-fr","7":"product_cat-e-fr","8":"product_cat-e0401-fr","9":"product_cat-e04010-fr","11":"first","12":"instock","13":"taxable","14":"shipping-taxable","15":"purchasable","16":"product-type-simple"},"_links":{"self":[{"href":"https:\/\/hantom.ch\/fr\/wp-json\/wp\/v2\/product\/102621","targetHints":{"allow":["GET"]}}],"collection":[{"href":"https:\/\/hantom.ch\/fr\/wp-json\/wp\/v2\/product"}],"about":[{"href":"https:\/\/hantom.ch\/fr\/wp-json\/wp\/v2\/types\/product"}],"wp:featuredmedia":[{"embeddable":true,"href":"https:\/\/hantom.ch\/fr\/wp-json\/wp\/v2\/media\/75630"}],"wp:attachment":[{"href":"https:\/\/hantom.ch\/fr\/wp-json\/wp\/v2\/media?parent=102621"}],"wp:term":[{"taxonomy":"product_brand","embeddable":true,"href":"https:\/\/hantom.ch\/fr\/wp-json\/wp\/v2\/product_brand?post=102621"},{"taxonomy":"product_cat","embeddable":true,"href":"https:\/\/hantom.ch\/fr\/wp-json\/wp\/v2\/product_cat?post=102621"},{"taxonomy":"product_tag","embeddable":true,"href":"https:\/\/hantom.ch\/fr\/wp-json\/wp\/v2\/product_tag?post=102621"}],"curies":[{"name":"wp","href":"https:\/\/api.w.org\/{rel}","templated":true}]}}