{"id":102626,"date":"2026-05-09T02:31:07","date_gmt":"2026-05-09T00:31:07","guid":{"rendered":"https:\/\/hantom.ch\/product\/e0402089-jonction-thermoretr-bt-1kv-avec-connect-a-vis-2-conducteurs-vmr29-df-095-300-1\/"},"modified":"2026-04-01T10:34:24","modified_gmt":"2026-04-01T08:34:24","slug":"e0402089-jonction-thermoretr-bt-1kv-avec-connect-a-vis-2-conducteurs-vmr29-df-095-300-1","status":"publish","type":"product","link":"https:\/\/hantom.ch\/fr\/produit\/e0402089-jonction-thermoretr-bt-1kv-avec-connect-a-vis-2-conducteurs-vmr29-df-095-300-1\/","title":{"rendered":"E0402089 &#8211; Jonction thermor\u00e9tr. BT 1kV avec connect.\u00e0 vis, 2 conduct. VMR29\/DF 095-300 (1)"},"content":{"rendered":"<p>Jonction thermor\u00e9tractable BT 1kV DIN 47640<br \/>avec manchette de r\u00e9paration renforc\u00e9e,  <br \/>connecteur \u00e0 vis \u00e9tanche longitudinalement<br \/>et vis \u00e0 t\u00eate fusible <br \/>C\u00e2ble GKN 1 x 95\u2026300\/25\u2026100mm2 et<br \/>Conducteurs Cu ou Al re, rm, se, sm<br \/>Set \u00e0 1 pi\u00e8ce<\/p>\n","protected":false},"excerpt":{"rendered":"<p>Jonction thermor\u00e9tractable BT 1kV DIN 47640avec manchette de r\u00e9paration renforc\u00e9e, connecteur \u00e0 vis \u00e9tanche longitudinalementet vis \u00e0 t\u00eate fusible C\u00e2ble GKN 1 x 95\u2026300\/25\u2026100mm2 etConducteurs Cu ou Al re, rm, se, smSet \u00e0 1 pi\u00e8ce<\/p>\n","protected":false},"featured_media":0,"template":"","meta":[],"product_brand":[],"product_cat":[1111,1065,1120,1119],"product_tag":[],"class_list":{"0":"post-102626","1":"product","2":"type-product","3":"status-publish","5":"product_cat-e04-fr","6":"product_cat-e-fr","7":"product_cat-e04020-fr","8":"product_cat-e0402-fr","10":"first","11":"instock","12":"taxable","13":"shipping-taxable","14":"purchasable","15":"product-type-simple"},"_links":{"self":[{"href":"https:\/\/hantom.ch\/fr\/wp-json\/wp\/v2\/product\/102626","targetHints":{"allow":["GET"]}}],"collection":[{"href":"https:\/\/hantom.ch\/fr\/wp-json\/wp\/v2\/product"}],"about":[{"href":"https:\/\/hantom.ch\/fr\/wp-json\/wp\/v2\/types\/product"}],"wp:attachment":[{"href":"https:\/\/hantom.ch\/fr\/wp-json\/wp\/v2\/media?parent=102626"}],"wp:term":[{"taxonomy":"product_brand","embeddable":true,"href":"https:\/\/hantom.ch\/fr\/wp-json\/wp\/v2\/product_brand?post=102626"},{"taxonomy":"product_cat","embeddable":true,"href":"https:\/\/hantom.ch\/fr\/wp-json\/wp\/v2\/product_cat?post=102626"},{"taxonomy":"product_tag","embeddable":true,"href":"https:\/\/hantom.ch\/fr\/wp-json\/wp\/v2\/product_tag?post=102626"}],"curies":[{"name":"wp","href":"https:\/\/api.w.org\/{rel}","templated":true}]}}