{"id":102630,"date":"2026-04-22T02:45:56","date_gmt":"2026-04-22T00:45:56","guid":{"rendered":"https:\/\/hantom.ch\/product\/e0402504-manchon-detancheite-1kv-ad47-48-095-240-1\/"},"modified":"2026-04-01T10:34:30","modified_gmt":"2026-04-01T08:34:30","slug":"e0402504-manchon-detancheite-1kv-ad47-48-095-240-1","status":"publish","type":"product","link":"https:\/\/hantom.ch\/fr\/produit\/e0402504-manchon-detancheite-1kv-ad47-48-095-240-1\/","title":{"rendered":"E0402504 &#8211; Manchon d&apos;\u00e9tanch\u00e9it\u00e9 1kV AD47-48\/ 095-240 (1)"},"content":{"rendered":"<p>Manchon d&apos;\u00e9tanch\u00e9it\u00e9 pour c\u00e2ble PPB 1 kV<br \/>4&#215;95-240 mm2 adapt\u00e9 aux jonctions<br \/>VM47-48<br \/>Set \u00e0 1 pi\u00e8ce<\/p>\n","protected":false},"excerpt":{"rendered":"<p>Manchon d&apos;\u00e9tanch\u00e9it\u00e9 pour c\u00e2ble PPB 1 kV4&#215;95-240 mm2 adapt\u00e9 aux jonctionsVM47-48Set \u00e0 1 pi\u00e8ce<\/p>\n","protected":false},"featured_media":55314,"template":"","meta":[],"product_brand":[],"product_cat":[1111,1065,1119,1121],"product_tag":[],"class_list":{"0":"post-102630","1":"product","2":"type-product","3":"status-publish","4":"has-post-thumbnail","6":"product_cat-e04-fr","7":"product_cat-e-fr","8":"product_cat-e0402-fr","9":"product_cat-e04025-fr","11":"first","12":"instock","13":"taxable","14":"shipping-taxable","15":"purchasable","16":"product-type-simple"},"_links":{"self":[{"href":"https:\/\/hantom.ch\/fr\/wp-json\/wp\/v2\/product\/102630","targetHints":{"allow":["GET"]}}],"collection":[{"href":"https:\/\/hantom.ch\/fr\/wp-json\/wp\/v2\/product"}],"about":[{"href":"https:\/\/hantom.ch\/fr\/wp-json\/wp\/v2\/types\/product"}],"wp:featuredmedia":[{"embeddable":true,"href":"https:\/\/hantom.ch\/fr\/wp-json\/wp\/v2\/media\/55314"}],"wp:attachment":[{"href":"https:\/\/hantom.ch\/fr\/wp-json\/wp\/v2\/media?parent=102630"}],"wp:term":[{"taxonomy":"product_brand","embeddable":true,"href":"https:\/\/hantom.ch\/fr\/wp-json\/wp\/v2\/product_brand?post=102630"},{"taxonomy":"product_cat","embeddable":true,"href":"https:\/\/hantom.ch\/fr\/wp-json\/wp\/v2\/product_cat?post=102630"},{"taxonomy":"product_tag","embeddable":true,"href":"https:\/\/hantom.ch\/fr\/wp-json\/wp\/v2\/product_tag?post=102630"}],"curies":[{"name":"wp","href":"https:\/\/api.w.org\/{rel}","templated":true}]}}