{"id":102650,"date":"2026-04-15T02:31:35","date_gmt":"2026-04-15T00:31:35","guid":{"rendered":"https:\/\/hantom.ch\/product\/e0402943-jonction-de-transition-thermoretractable-ppb-1-kv-avec-connect-a-vis-4-cond-vmad43-df-010-016-1-2\/"},"modified":"2026-04-01T10:34:47","modified_gmt":"2026-04-01T08:34:47","slug":"e0402943-jonction-de-transition-thermoretractable-ppb-1-kv-avec-connect-a-vis-4-cond-vmad43-df-010-016-1-2","status":"publish","type":"product","link":"https:\/\/hantom.ch\/fr\/produit\/e0402943-jonction-de-transition-thermoretractable-ppb-1-kv-avec-connect-a-vis-4-cond-vmad43-df-010-016-1-2\/","title":{"rendered":"E0402943 &#8211; Jonction de transition thermor\u00e9tractable PPb 1 kV avec connect. \u00e0 vis  4 cond. VMAD43\/DF 010-016 (1)"},"content":{"rendered":"<p>Jonction de transition thermor\u00e9tractable BT 1 kV DIN 47640<br \/>avec connecteur \u00e0 vis \u00e9tanche longitudinalement<br \/>avec vis \u00e0 t\u00eate fusible, pour c\u00e2ble<br \/>GKN 3 x 10&#8230;16\/10&#8230;16 mm2 <br \/>PPb 4 x 10&#8230;16 mm2<br \/>Conducteurs Cu ou Al re, rm<br \/>Set \u00e0 1 pce<\/p>\n","protected":false},"excerpt":{"rendered":"<p>Jonction de transition thermor\u00e9tractable BT 1 kV DIN 47640avec connecteur \u00e0 vis \u00e9tanche longitudinalementavec vis \u00e0 t\u00eate fusible, pour c\u00e2bleGKN 3 x 10&#8230;16\/10&#8230;16 mm2 PPb 4 x 10&#8230;16 mm2Conducteurs Cu ou Al re, rmSet \u00e0 1 pce<\/p>\n","protected":false},"featured_media":105623,"template":"","meta":[],"product_brand":[],"product_cat":[1111,1065,1232,1226,1119,1167],"product_tag":[],"class_list":{"0":"post-102650","1":"product","2":"type-product","3":"status-publish","4":"has-post-thumbnail","6":"product_cat-e04-fr","7":"product_cat-e-fr","8":"product_cat-e05156-fr","9":"product_cat-e0515-fr","10":"product_cat-e0402-fr","11":"product_cat-e05-fr","13":"first","14":"instock","15":"taxable","16":"shipping-taxable","17":"purchasable","18":"product-type-simple"},"_links":{"self":[{"href":"https:\/\/hantom.ch\/fr\/wp-json\/wp\/v2\/product\/102650","targetHints":{"allow":["GET"]}}],"collection":[{"href":"https:\/\/hantom.ch\/fr\/wp-json\/wp\/v2\/product"}],"about":[{"href":"https:\/\/hantom.ch\/fr\/wp-json\/wp\/v2\/types\/product"}],"wp:featuredmedia":[{"embeddable":true,"href":"https:\/\/hantom.ch\/fr\/wp-json\/wp\/v2\/media\/105623"}],"wp:attachment":[{"href":"https:\/\/hantom.ch\/fr\/wp-json\/wp\/v2\/media?parent=102650"}],"wp:term":[{"taxonomy":"product_brand","embeddable":true,"href":"https:\/\/hantom.ch\/fr\/wp-json\/wp\/v2\/product_brand?post=102650"},{"taxonomy":"product_cat","embeddable":true,"href":"https:\/\/hantom.ch\/fr\/wp-json\/wp\/v2\/product_cat?post=102650"},{"taxonomy":"product_tag","embeddable":true,"href":"https:\/\/hantom.ch\/fr\/wp-json\/wp\/v2\/product_tag?post=102650"}],"curies":[{"name":"wp","href":"https:\/\/api.w.org\/{rel}","templated":true}]}}