{"id":102654,"date":"2026-04-15T02:31:51","date_gmt":"2026-04-15T00:31:51","guid":{"rendered":"https:\/\/hantom.ch\/product\/e0402973-jonction-de-transition-thermoretr-ppb-1-kvmanchette-sans-connect-4-cond-vmrad43-p-010-016-1-2\/"},"modified":"2026-04-01T10:34:49","modified_gmt":"2026-04-01T08:34:49","slug":"e0402973-jonction-de-transition-thermoretr-ppb-1-kvmanchette-sans-connect-4-cond-vmrad43-p-010-016-1-2","status":"publish","type":"product","link":"https:\/\/hantom.ch\/fr\/produit\/e0402973-jonction-de-transition-thermoretr-ppb-1-kvmanchette-sans-connect-4-cond-vmrad43-p-010-016-1-2\/","title":{"rendered":"E0402973 &#8211; Jonction de transition thermor\u00e9tr. PPb 1 kV+manchette, sans connect. 4 cond VMRAD43\/P 010-016 (1)"},"content":{"rendered":"<p>Jonction de transition thermor\u00e9tractable BT 1 kV DIN 47640<br \/>avec manchette de r\u00e9paration renforc\u00e9e <br \/>sans connecteur \u00e0 vis  <br \/>GKN 3 x 10&#8230;16\/10&#8230;.16 mm2<br \/>PPb 4 x 10&#8230;..16 mm2, <br \/>conducteurs  Cu ou Al re, rm<br \/>Set \u00e0 1 pce<\/p>\n","protected":false},"excerpt":{"rendered":"<p>Jonction de transition thermor\u00e9tractable BT 1 kV DIN 47640avec manchette de r\u00e9paration renforc\u00e9e sans connecteur \u00e0 vis GKN 3 x 10&#8230;16\/10&#8230;.16 mm2PPb 4 x 10&#8230;..16 mm2, conducteurs Cu ou Al re, rmSet \u00e0 1 pce<\/p>\n","protected":false},"featured_media":105615,"template":"","meta":[],"product_brand":[],"product_cat":[1111,1065,1232,1226,1119,1167],"product_tag":[],"class_list":{"0":"post-102654","1":"product","2":"type-product","3":"status-publish","4":"has-post-thumbnail","6":"product_cat-e04-fr","7":"product_cat-e-fr","8":"product_cat-e05156-fr","9":"product_cat-e0515-fr","10":"product_cat-e0402-fr","11":"product_cat-e05-fr","13":"first","14":"instock","15":"taxable","16":"shipping-taxable","17":"purchasable","18":"product-type-simple"},"_links":{"self":[{"href":"https:\/\/hantom.ch\/fr\/wp-json\/wp\/v2\/product\/102654","targetHints":{"allow":["GET"]}}],"collection":[{"href":"https:\/\/hantom.ch\/fr\/wp-json\/wp\/v2\/product"}],"about":[{"href":"https:\/\/hantom.ch\/fr\/wp-json\/wp\/v2\/types\/product"}],"wp:featuredmedia":[{"embeddable":true,"href":"https:\/\/hantom.ch\/fr\/wp-json\/wp\/v2\/media\/105615"}],"wp:attachment":[{"href":"https:\/\/hantom.ch\/fr\/wp-json\/wp\/v2\/media?parent=102654"}],"wp:term":[{"taxonomy":"product_brand","embeddable":true,"href":"https:\/\/hantom.ch\/fr\/wp-json\/wp\/v2\/product_brand?post=102654"},{"taxonomy":"product_cat","embeddable":true,"href":"https:\/\/hantom.ch\/fr\/wp-json\/wp\/v2\/product_cat?post=102654"},{"taxonomy":"product_tag","embeddable":true,"href":"https:\/\/hantom.ch\/fr\/wp-json\/wp\/v2\/product_tag?post=102654"}],"curies":[{"name":"wp","href":"https:\/\/api.w.org\/{rel}","templated":true}]}}