{"id":102659,"date":"2026-04-15T02:32:00","date_gmt":"2026-04-15T00:32:00","guid":{"rendered":"https:\/\/hantom.ch\/product\/e0402985-jonction-de-transition-thermoretr-ppb-1-kvmanchette-et-connect-a-vis-4-cond-vmrad45-df-025-050-1-2\/"},"modified":"2026-04-01T10:34:55","modified_gmt":"2026-04-01T08:34:55","slug":"e0402985-jonction-de-transition-thermoretr-ppb-1-kvmanchette-et-connect-a-vis-4-cond-vmrad45-df-025-050-1-2","status":"publish","type":"product","link":"https:\/\/hantom.ch\/fr\/produit\/e0402985-jonction-de-transition-thermoretr-ppb-1-kvmanchette-et-connect-a-vis-4-cond-vmrad45-df-025-050-1-2\/","title":{"rendered":"E0402985 &#8211; Jonction de transition thermor\u00e9tr. PPb 1 kV+manchette et connect. \u00e0 vis  4 cond. VMRAD45\/DF 025-050 (1)"},"content":{"rendered":"<p>Jonction de transition thermor\u00e9tractable BT 1 kV DIN 47640<br \/>avec manchette de r\u00e9paration renforc\u00e9e <br \/>avec connecteur \u00e0 vis \u00e9tanche longitudinalement<br \/>avec vis \u00e0 t\u00eate fusible<br \/>GKN 3 x 25&#8230;50\/25&#8230;.50 mm2<br \/>PPb 4 x 25&#8230;.50 mm2, <br \/>Conducteurs Cu ou Al: re, rm, se, sm<br \/>Set \u00e0 1 pce<\/p>\n","protected":false},"excerpt":{"rendered":"<p>Jonction de transition thermor\u00e9tractable BT 1 kV DIN 47640avec manchette de r\u00e9paration renforc\u00e9e avec connecteur \u00e0 vis \u00e9tanche longitudinalementavec vis \u00e0 t\u00eate fusibleGKN 3 x 25&#8230;50\/25&#8230;.50 mm2PPb 4 x 25&#8230;.50 mm2, Conducteurs Cu ou Al: re, rm, se, smSet \u00e0 1 pce<\/p>\n","protected":false},"featured_media":105605,"template":"","meta":[],"product_brand":[],"product_cat":[1111,1065,1232,1226,1119,1167],"product_tag":[],"class_list":{"0":"post-102659","1":"product","2":"type-product","3":"status-publish","4":"has-post-thumbnail","6":"product_cat-e04-fr","7":"product_cat-e-fr","8":"product_cat-e05156-fr","9":"product_cat-e0515-fr","10":"product_cat-e0402-fr","11":"product_cat-e05-fr","13":"first","14":"instock","15":"taxable","16":"shipping-taxable","17":"purchasable","18":"product-type-simple"},"_links":{"self":[{"href":"https:\/\/hantom.ch\/fr\/wp-json\/wp\/v2\/product\/102659","targetHints":{"allow":["GET"]}}],"collection":[{"href":"https:\/\/hantom.ch\/fr\/wp-json\/wp\/v2\/product"}],"about":[{"href":"https:\/\/hantom.ch\/fr\/wp-json\/wp\/v2\/types\/product"}],"wp:featuredmedia":[{"embeddable":true,"href":"https:\/\/hantom.ch\/fr\/wp-json\/wp\/v2\/media\/105605"}],"wp:attachment":[{"href":"https:\/\/hantom.ch\/fr\/wp-json\/wp\/v2\/media?parent=102659"}],"wp:term":[{"taxonomy":"product_brand","embeddable":true,"href":"https:\/\/hantom.ch\/fr\/wp-json\/wp\/v2\/product_brand?post=102659"},{"taxonomy":"product_cat","embeddable":true,"href":"https:\/\/hantom.ch\/fr\/wp-json\/wp\/v2\/product_cat?post=102659"},{"taxonomy":"product_tag","embeddable":true,"href":"https:\/\/hantom.ch\/fr\/wp-json\/wp\/v2\/product_tag?post=102659"}],"curies":[{"name":"wp","href":"https:\/\/api.w.org\/{rel}","templated":true}]}}