{"id":102666,"date":"2026-04-30T02:46:26","date_gmt":"2026-04-30T00:46:26","guid":{"rendered":"https:\/\/hantom.ch\/product\/e0403322-2direkt-transfo-2-conducteurs-borne-de-raccordement-q-35-240-mm2-b-m30-x-2-1-2\/"},"modified":"2026-04-01T10:35:01","modified_gmt":"2026-04-01T08:35:01","slug":"e0403322-2direkt-transfo-2-conducteurs-borne-de-raccordement-q-35-240-mm2-b-m30-x-2-1-2","status":"publish","type":"product","link":"https:\/\/hantom.ch\/fr\/produit\/e0403322-2direkt-transfo-2-conducteurs-borne-de-raccordement-q-35-240-mm2-b-m30-x-2-1-2\/","title":{"rendered":"E0403322 &#8211; Borne \u00e0 deux conducteurs 2DIREKT pour Transfo 35-240 mm2 \/ M30 \/ 331 746 002 (1)"},"content":{"rendered":"<p>2DIREKT Borne \u00e0 deux conducteurs pour Transfo<br \/>Sections 35-240 mm2<br \/>Raccordement par boulon: M30x2<br \/>Diam\u00e8tre du raccord 24.5mm<br \/>Horizontal et vertical<br \/>Blocage: par serrage \u00e0 fente<br \/>1 pce<\/p>\n","protected":false},"excerpt":{"rendered":"<p>2DIREKT Borne \u00e0 deux conducteurs pour TransfoSections 35-240 mm2Raccordement par boulon: M30x2Diam\u00e8tre du raccord 24.5mmHorizontal et verticalBlocage: par serrage \u00e0 fente1 pce<\/p>\n","protected":false},"featured_media":70174,"template":"","meta":[],"product_brand":[],"product_cat":[1126,1125,1111,1065],"product_tag":[],"class_list":{"0":"post-102666","1":"product","2":"type-product","3":"status-publish","4":"has-post-thumbnail","6":"product_cat-e04033-fr","7":"product_cat-e0403-fr","8":"product_cat-e04-fr","9":"product_cat-e-fr","11":"first","12":"instock","13":"taxable","14":"shipping-taxable","15":"purchasable","16":"product-type-simple"},"_links":{"self":[{"href":"https:\/\/hantom.ch\/fr\/wp-json\/wp\/v2\/product\/102666","targetHints":{"allow":["GET"]}}],"collection":[{"href":"https:\/\/hantom.ch\/fr\/wp-json\/wp\/v2\/product"}],"about":[{"href":"https:\/\/hantom.ch\/fr\/wp-json\/wp\/v2\/types\/product"}],"wp:featuredmedia":[{"embeddable":true,"href":"https:\/\/hantom.ch\/fr\/wp-json\/wp\/v2\/media\/70174"}],"wp:attachment":[{"href":"https:\/\/hantom.ch\/fr\/wp-json\/wp\/v2\/media?parent=102666"}],"wp:term":[{"taxonomy":"product_brand","embeddable":true,"href":"https:\/\/hantom.ch\/fr\/wp-json\/wp\/v2\/product_brand?post=102666"},{"taxonomy":"product_cat","embeddable":true,"href":"https:\/\/hantom.ch\/fr\/wp-json\/wp\/v2\/product_cat?post=102666"},{"taxonomy":"product_tag","embeddable":true,"href":"https:\/\/hantom.ch\/fr\/wp-json\/wp\/v2\/product_tag?post=102666"}],"curies":[{"name":"wp","href":"https:\/\/api.w.org\/{rel}","templated":true}]}}