{"id":102688,"date":"2026-04-15T02:46:10","date_gmt":"2026-04-15T00:46:10","guid":{"rendered":"https:\/\/hantom.ch\/product\/e0404008-bt-extremite-1kv-4-conducteurs-raccordement-direct-ev48-d-095-240-1-2\/"},"modified":"2026-04-01T10:35:22","modified_gmt":"2026-04-01T08:35:22","slug":"e0404008-bt-extremite-1kv-4-conducteurs-raccordement-direct-ev48-d-095-240-1-2","status":"publish","type":"product","link":"https:\/\/hantom.ch\/fr\/produit\/e0404008-bt-extremite-1kv-4-conducteurs-raccordement-direct-ev48-d-095-240-1-2\/","title":{"rendered":"E0404008 &#8211; BT Extr\u00e9mit\u00e9 1kV 4 conducteurs Raccordement direct EV48\/D 095-240 (1)"},"content":{"rendered":"<p>BT Extr\u00e9mit\u00e9 thermor\u00e9tractable int\u00e9rieure 1 kV<br \/>pour raccordement direct (sans cosse pour L1, L2, L3)<br \/>pour c\u00e2ble GKN 3 x 95&#8230;240\/95&#8230;240 mm2<br \/>avec cosse \u00e0 visser M12 pour conducteur PEN<br \/>Conducteurs Cu ou Al re, rm<br \/>Set \u00e0 1 pce<\/p>\n","protected":false},"excerpt":{"rendered":"<p>BT Extr\u00e9mit\u00e9 thermor\u00e9tractable int\u00e9rieure 1 kVpour raccordement direct (sans cosse pour L1, L2, L3)pour c\u00e2ble GKN 3 x 95&#8230;240\/95&#8230;240 mm2avec cosse \u00e0 visser M12 pour conducteur PENConducteurs Cu ou Al re, rmSet \u00e0 1 pce<\/p>\n","protected":false},"featured_media":75578,"template":"","meta":[],"product_brand":[],"product_cat":[1125,1111,1065,1128,1129],"product_tag":[],"class_list":{"0":"post-102688","1":"product","2":"type-product","3":"status-publish","4":"has-post-thumbnail","6":"product_cat-e0403-fr","7":"product_cat-e04-fr","8":"product_cat-e-fr","9":"product_cat-e0404-fr","10":"product_cat-e04040-fr","12":"first","13":"instock","14":"taxable","15":"shipping-taxable","16":"purchasable","17":"product-type-simple"},"_links":{"self":[{"href":"https:\/\/hantom.ch\/fr\/wp-json\/wp\/v2\/product\/102688","targetHints":{"allow":["GET"]}}],"collection":[{"href":"https:\/\/hantom.ch\/fr\/wp-json\/wp\/v2\/product"}],"about":[{"href":"https:\/\/hantom.ch\/fr\/wp-json\/wp\/v2\/types\/product"}],"wp:featuredmedia":[{"embeddable":true,"href":"https:\/\/hantom.ch\/fr\/wp-json\/wp\/v2\/media\/75578"}],"wp:attachment":[{"href":"https:\/\/hantom.ch\/fr\/wp-json\/wp\/v2\/media?parent=102688"}],"wp:term":[{"taxonomy":"product_brand","embeddable":true,"href":"https:\/\/hantom.ch\/fr\/wp-json\/wp\/v2\/product_brand?post=102688"},{"taxonomy":"product_cat","embeddable":true,"href":"https:\/\/hantom.ch\/fr\/wp-json\/wp\/v2\/product_cat?post=102688"},{"taxonomy":"product_tag","embeddable":true,"href":"https:\/\/hantom.ch\/fr\/wp-json\/wp\/v2\/product_tag?post=102688"}],"curies":[{"name":"wp","href":"https:\/\/api.w.org\/{rel}","templated":true}]}}