{"id":102690,"date":"2026-04-15T02:46:14","date_gmt":"2026-04-15T00:46:14","guid":{"rendered":"https:\/\/hantom.ch\/product\/e0404014-bt-extremite-1kv-4-conducteurs-sans-cosses-ev44-p-010-025-1-2\/"},"modified":"2026-04-01T10:35:23","modified_gmt":"2026-04-01T08:35:23","slug":"e0404014-bt-extremite-1kv-4-conducteurs-sans-cosses-ev44-p-010-025-1-2","status":"publish","type":"product","link":"https:\/\/hantom.ch\/fr\/produit\/e0404014-bt-extremite-1kv-4-conducteurs-sans-cosses-ev44-p-010-025-1-2\/","title":{"rendered":"E0404014 &#8211; BT Extr\u00e9mit\u00e9 1kV 4 conducteurs sans cosses EV44\/P 010-025 (1)"},"content":{"rendered":"<p>BT Extr\u00e9mit\u00e9 thermor\u00e9tractable int\u00e9rieure 1 kV<br \/>C\u00e2ble GKN 3 x 10&#8230;25\/10&#8230;25 mm2<br \/>sans cosse<br \/>1 set<\/p>\n","protected":false},"excerpt":{"rendered":"<p>BT Extr\u00e9mit\u00e9 thermor\u00e9tractable int\u00e9rieure 1 kVC\u00e2ble GKN 3 x 10&#8230;25\/10&#8230;25 mm2sans cosse1 set<\/p>\n","protected":false},"featured_media":55324,"template":"","meta":[],"product_brand":[],"product_cat":[1125,1111,1065,1128,1129],"product_tag":[],"class_list":{"0":"post-102690","1":"product","2":"type-product","3":"status-publish","4":"has-post-thumbnail","6":"product_cat-e0403-fr","7":"product_cat-e04-fr","8":"product_cat-e-fr","9":"product_cat-e0404-fr","10":"product_cat-e04040-fr","12":"first","13":"instock","14":"taxable","15":"shipping-taxable","16":"purchasable","17":"product-type-simple"},"_links":{"self":[{"href":"https:\/\/hantom.ch\/fr\/wp-json\/wp\/v2\/product\/102690","targetHints":{"allow":["GET"]}}],"collection":[{"href":"https:\/\/hantom.ch\/fr\/wp-json\/wp\/v2\/product"}],"about":[{"href":"https:\/\/hantom.ch\/fr\/wp-json\/wp\/v2\/types\/product"}],"wp:featuredmedia":[{"embeddable":true,"href":"https:\/\/hantom.ch\/fr\/wp-json\/wp\/v2\/media\/55324"}],"wp:attachment":[{"href":"https:\/\/hantom.ch\/fr\/wp-json\/wp\/v2\/media?parent=102690"}],"wp:term":[{"taxonomy":"product_brand","embeddable":true,"href":"https:\/\/hantom.ch\/fr\/wp-json\/wp\/v2\/product_brand?post=102690"},{"taxonomy":"product_cat","embeddable":true,"href":"https:\/\/hantom.ch\/fr\/wp-json\/wp\/v2\/product_cat?post=102690"},{"taxonomy":"product_tag","embeddable":true,"href":"https:\/\/hantom.ch\/fr\/wp-json\/wp\/v2\/product_tag?post=102690"}],"curies":[{"name":"wp","href":"https:\/\/api.w.org\/{rel}","templated":true}]}}