{"id":102698,"date":"2026-04-15T02:46:29","date_gmt":"2026-04-15T00:46:29","guid":{"rendered":"https:\/\/hantom.ch\/product\/e0404025-bt-extremite-1kv-4-conducteurs-avec-cosse-a-visser-ev45-ds-016-050-m8-1-2\/"},"modified":"2026-04-01T10:35:31","modified_gmt":"2026-04-01T08:35:31","slug":"e0404025-bt-extremite-1kv-4-conducteurs-avec-cosse-a-visser-ev45-ds-016-050-m8-1-2","status":"publish","type":"product","link":"https:\/\/hantom.ch\/fr\/produit\/e0404025-bt-extremite-1kv-4-conducteurs-avec-cosse-a-visser-ev45-ds-016-050-m8-1-2\/","title":{"rendered":"E0404025 &#8211; BT Extr\u00e9mit\u00e9 1kV 4 conducteurs avec cosse \u00e0 visser EV45\/DS 016-050 \/ M8 (1)"},"content":{"rendered":"<p>BT Extr\u00e9mit\u00e9 thermor\u00e9tractable int\u00e9rieure 1 kV<br \/>cosse \u00e0 visser M8 \u00e9tanche longitudinalement<br \/>avec vis \u00e0 t\u00eate fusible <br \/>pour c\u00e2ble GKN 3 x 16&#8230;50\/16&#8230;50 mm2<br \/>avec conducteur Cu  ou AL re, rm, sm ou se<br \/>1 set<\/p>\n","protected":false},"excerpt":{"rendered":"<p>BT Extr\u00e9mit\u00e9 thermor\u00e9tractable int\u00e9rieure 1 kVcosse \u00e0 visser M8 \u00e9tanche longitudinalementavec vis \u00e0 t\u00eate fusible pour c\u00e2ble GKN 3 x 16&#8230;50\/16&#8230;50 mm2avec conducteur Cu ou AL re, rm, sm ou se1 set<\/p>\n","protected":false},"featured_media":0,"template":"","meta":[],"product_brand":[],"product_cat":[1125,1111,1065,1128,1129],"product_tag":[],"class_list":{"0":"post-102698","1":"product","2":"type-product","3":"status-publish","5":"product_cat-e0403-fr","6":"product_cat-e04-fr","7":"product_cat-e-fr","8":"product_cat-e0404-fr","9":"product_cat-e04040-fr","11":"first","12":"instock","13":"taxable","14":"shipping-taxable","15":"purchasable","16":"product-type-simple"},"_links":{"self":[{"href":"https:\/\/hantom.ch\/fr\/wp-json\/wp\/v2\/product\/102698","targetHints":{"allow":["GET"]}}],"collection":[{"href":"https:\/\/hantom.ch\/fr\/wp-json\/wp\/v2\/product"}],"about":[{"href":"https:\/\/hantom.ch\/fr\/wp-json\/wp\/v2\/types\/product"}],"wp:attachment":[{"href":"https:\/\/hantom.ch\/fr\/wp-json\/wp\/v2\/media?parent=102698"}],"wp:term":[{"taxonomy":"product_brand","embeddable":true,"href":"https:\/\/hantom.ch\/fr\/wp-json\/wp\/v2\/product_brand?post=102698"},{"taxonomy":"product_cat","embeddable":true,"href":"https:\/\/hantom.ch\/fr\/wp-json\/wp\/v2\/product_cat?post=102698"},{"taxonomy":"product_tag","embeddable":true,"href":"https:\/\/hantom.ch\/fr\/wp-json\/wp\/v2\/product_tag?post=102698"}],"curies":[{"name":"wp","href":"https:\/\/api.w.org\/{rel}","templated":true}]}}