{"id":102704,"date":"2026-04-15T02:46:41","date_gmt":"2026-04-15T00:46:41","guid":{"rendered":"https:\/\/hantom.ch\/product\/e0404041-bt-extremite-1kv-2-conducteurs-sans-cosses-ev27-p-050-150-1-2\/"},"modified":"2026-04-01T10:35:33","modified_gmt":"2026-04-01T08:35:33","slug":"e0404041-bt-extremite-1kv-2-conducteurs-sans-cosses-ev27-p-050-150-1-2","status":"publish","type":"product","link":"https:\/\/hantom.ch\/fr\/produit\/e0404041-bt-extremite-1kv-2-conducteurs-sans-cosses-ev27-p-050-150-1-2\/","title":{"rendered":"E0404041 &#8211; BT Extr\u00e9mit\u00e9 1kV 2 conducteurs sans cosses EV27\/P 050-150 (1)"},"content":{"rendered":"<p>BT Extr\u00e9mit\u00e9 thermor\u00e9tractable int\u00e9rieure 1 kV<br \/>sans cosse<br \/>pour c\u00e2ble GKN 1 x 50.\u2026150\/25\u2026.50mm2 <\/p>\n<p>Set \u00e0 1 pce<\/p>\n","protected":false},"excerpt":{"rendered":"<p>BT Extr\u00e9mit\u00e9 thermor\u00e9tractable int\u00e9rieure 1 kVsans cossepour c\u00e2ble GKN 1 x 50.\u2026150\/25\u2026.50mm2 Set \u00e0 1 pce<\/p>\n","protected":false},"featured_media":75010,"template":"","meta":[],"product_brand":[],"product_cat":[1125,1111,1065,1128,1129],"product_tag":[],"class_list":{"0":"post-102704","1":"product","2":"type-product","3":"status-publish","4":"has-post-thumbnail","6":"product_cat-e0403-fr","7":"product_cat-e04-fr","8":"product_cat-e-fr","9":"product_cat-e0404-fr","10":"product_cat-e04040-fr","12":"first","13":"instock","14":"taxable","15":"shipping-taxable","16":"purchasable","17":"product-type-simple"},"_links":{"self":[{"href":"https:\/\/hantom.ch\/fr\/wp-json\/wp\/v2\/product\/102704","targetHints":{"allow":["GET"]}}],"collection":[{"href":"https:\/\/hantom.ch\/fr\/wp-json\/wp\/v2\/product"}],"about":[{"href":"https:\/\/hantom.ch\/fr\/wp-json\/wp\/v2\/types\/product"}],"wp:featuredmedia":[{"embeddable":true,"href":"https:\/\/hantom.ch\/fr\/wp-json\/wp\/v2\/media\/75010"}],"wp:attachment":[{"href":"https:\/\/hantom.ch\/fr\/wp-json\/wp\/v2\/media?parent=102704"}],"wp:term":[{"taxonomy":"product_brand","embeddable":true,"href":"https:\/\/hantom.ch\/fr\/wp-json\/wp\/v2\/product_brand?post=102704"},{"taxonomy":"product_cat","embeddable":true,"href":"https:\/\/hantom.ch\/fr\/wp-json\/wp\/v2\/product_cat?post=102704"},{"taxonomy":"product_tag","embeddable":true,"href":"https:\/\/hantom.ch\/fr\/wp-json\/wp\/v2\/product_tag?post=102704"}],"curies":[{"name":"wp","href":"https:\/\/api.w.org\/{rel}","templated":true}]}}