{"id":102713,"date":"2026-04-15T02:46:59","date_gmt":"2026-04-15T00:46:59","guid":{"rendered":"https:\/\/hantom.ch\/product\/e0404052-bt-extremite-1kv-4-conduct-avec-cosse-a-visser-ev42-df-004-010-m12-1-2\/"},"modified":"2026-04-01T10:35:42","modified_gmt":"2026-04-01T08:35:42","slug":"e0404052-bt-extremite-1kv-4-conduct-avec-cosse-a-visser-ev42-df-004-010-m12-1-2","status":"publish","type":"product","link":"https:\/\/hantom.ch\/fr\/produit\/e0404052-bt-extremite-1kv-4-conduct-avec-cosse-a-visser-ev42-df-004-010-m12-1-2\/","title":{"rendered":"E0404052 &#8211; BT Extr\u00e9mit\u00e9 1kV 4 conduct. avec cosse \u00e0 visser EV42\/DF 004-010 \/ M12 (1)"},"content":{"rendered":"<p>BT Extr\u00e9mit\u00e9 thermor\u00e9tractable int\u00e9rieure 1 kV<br \/>cosse \u00e0 visser M12 \u00e9tanche longitudinalement <br \/>avec vis \u00e0 t\u00eate fusible <br \/>pour c\u00e2ble GKN 3 x 4&#8230;10\/ 4&#8230;10 mm2<br \/>avec conducteur Cu ou AL re, rm, sm ou se<br \/>Set \u00e0 1 pi\u00e8ce<\/p>\n","protected":false},"excerpt":{"rendered":"<p>BT Extr\u00e9mit\u00e9 thermor\u00e9tractable int\u00e9rieure 1 kVcosse \u00e0 visser M12 \u00e9tanche longitudinalement avec vis \u00e0 t\u00eate fusible pour c\u00e2ble GKN 3 x 4&#8230;10\/ 4&#8230;10 mm2avec conducteur Cu ou AL re, rm, sm ou seSet \u00e0 1 pi\u00e8ce<\/p>\n","protected":false},"featured_media":55339,"template":"","meta":[],"product_brand":[],"product_cat":[1125,1111,1065,1128,1129],"product_tag":[],"class_list":{"0":"post-102713","1":"product","2":"type-product","3":"status-publish","4":"has-post-thumbnail","6":"product_cat-e0403-fr","7":"product_cat-e04-fr","8":"product_cat-e-fr","9":"product_cat-e0404-fr","10":"product_cat-e04040-fr","12":"first","13":"instock","14":"taxable","15":"shipping-taxable","16":"purchasable","17":"product-type-simple"},"_links":{"self":[{"href":"https:\/\/hantom.ch\/fr\/wp-json\/wp\/v2\/product\/102713","targetHints":{"allow":["GET"]}}],"collection":[{"href":"https:\/\/hantom.ch\/fr\/wp-json\/wp\/v2\/product"}],"about":[{"href":"https:\/\/hantom.ch\/fr\/wp-json\/wp\/v2\/types\/product"}],"wp:featuredmedia":[{"embeddable":true,"href":"https:\/\/hantom.ch\/fr\/wp-json\/wp\/v2\/media\/55339"}],"wp:attachment":[{"href":"https:\/\/hantom.ch\/fr\/wp-json\/wp\/v2\/media?parent=102713"}],"wp:term":[{"taxonomy":"product_brand","embeddable":true,"href":"https:\/\/hantom.ch\/fr\/wp-json\/wp\/v2\/product_brand?post=102713"},{"taxonomy":"product_cat","embeddable":true,"href":"https:\/\/hantom.ch\/fr\/wp-json\/wp\/v2\/product_cat?post=102713"},{"taxonomy":"product_tag","embeddable":true,"href":"https:\/\/hantom.ch\/fr\/wp-json\/wp\/v2\/product_tag?post=102713"}],"curies":[{"name":"wp","href":"https:\/\/api.w.org\/{rel}","templated":true}]}}