{"id":102720,"date":"2026-04-15T02:47:13","date_gmt":"2026-04-15T00:47:13","guid":{"rendered":"https:\/\/hantom.ch\/product\/e0404063-bt-extremite-1kv-5-conducteurs-sans-cosses-ev53-p-006-016-1-2\/"},"modified":"2026-04-01T10:35:49","modified_gmt":"2026-04-01T08:35:49","slug":"e0404063-bt-extremite-1kv-5-conducteurs-sans-cosses-ev53-p-006-016-1-2","status":"publish","type":"product","link":"https:\/\/hantom.ch\/fr\/produit\/e0404063-bt-extremite-1kv-5-conducteurs-sans-cosses-ev53-p-006-016-1-2\/","title":{"rendered":"E0404063 &#8211; BT Extr\u00e9mit\u00e9 1kV 5 conducteurs sans cosses EV53\/P  006-016 (1)"},"content":{"rendered":"<p>BT Extr\u00e9mit\u00e9 thermor\u00e9tractable int\u00e9rieure 1 kV<br \/>sans cosse<br \/>pour c\u00e2ble GKN 4 x 6&#8230;16\/6&#8230;16 mm2<\/p>\n<p>Set \u00e0 1 pce<\/p>\n","protected":false},"excerpt":{"rendered":"<p>BT Extr\u00e9mit\u00e9 thermor\u00e9tractable int\u00e9rieure 1 kVsans cossepour c\u00e2ble GKN 4 x 6&#8230;16\/6&#8230;16 mm2 Set \u00e0 1 pce<\/p>\n","protected":false},"featured_media":0,"template":"","meta":[],"product_brand":[],"product_cat":[1125,1111,1065,1128,1129],"product_tag":[],"class_list":{"0":"post-102720","1":"product","2":"type-product","3":"status-publish","5":"product_cat-e0403-fr","6":"product_cat-e04-fr","7":"product_cat-e-fr","8":"product_cat-e0404-fr","9":"product_cat-e04040-fr","11":"first","12":"instock","13":"taxable","14":"shipping-taxable","15":"purchasable","16":"product-type-simple"},"_links":{"self":[{"href":"https:\/\/hantom.ch\/fr\/wp-json\/wp\/v2\/product\/102720","targetHints":{"allow":["GET"]}}],"collection":[{"href":"https:\/\/hantom.ch\/fr\/wp-json\/wp\/v2\/product"}],"about":[{"href":"https:\/\/hantom.ch\/fr\/wp-json\/wp\/v2\/types\/product"}],"wp:attachment":[{"href":"https:\/\/hantom.ch\/fr\/wp-json\/wp\/v2\/media?parent=102720"}],"wp:term":[{"taxonomy":"product_brand","embeddable":true,"href":"https:\/\/hantom.ch\/fr\/wp-json\/wp\/v2\/product_brand?post=102720"},{"taxonomy":"product_cat","embeddable":true,"href":"https:\/\/hantom.ch\/fr\/wp-json\/wp\/v2\/product_cat?post=102720"},{"taxonomy":"product_tag","embeddable":true,"href":"https:\/\/hantom.ch\/fr\/wp-json\/wp\/v2\/product_tag?post=102720"}],"curies":[{"name":"wp","href":"https:\/\/api.w.org\/{rel}","templated":true}]}}