{"id":102722,"date":"2026-04-15T02:47:17","date_gmt":"2026-04-15T00:47:17","guid":{"rendered":"https:\/\/hantom.ch\/product\/e0404065-bt-extremite-1kv-5-conducteurs-sans-cosses-ev55-p-016-050-1-2\/"},"modified":"2026-04-01T10:35:50","modified_gmt":"2026-04-01T08:35:50","slug":"e0404065-bt-extremite-1kv-5-conducteurs-sans-cosses-ev55-p-016-050-1-2","status":"publish","type":"product","link":"https:\/\/hantom.ch\/fr\/produit\/e0404065-bt-extremite-1kv-5-conducteurs-sans-cosses-ev55-p-016-050-1-2\/","title":{"rendered":"E0404065 &#8211; BT Extr\u00e9mit\u00e9 1kV 5 conducteurs sans cosses EV55\/P  016-050 (1)"},"content":{"rendered":"<p>BT Extr\u00e9mit\u00e9 thermor\u00e9tractable int\u00e9rieure 1 kV<br \/>pour c\u00e2ble GKN 4 x 16&#8230;50\/16&#8230;50 mm2<br \/>sans cosse<br \/>Set \u00e0 1 pce<\/p>\n","protected":false},"excerpt":{"rendered":"<p>BT Extr\u00e9mit\u00e9 thermor\u00e9tractable int\u00e9rieure 1 kVpour c\u00e2ble GKN 4 x 16&#8230;50\/16&#8230;50 mm2sans cosseSet \u00e0 1 pce<\/p>\n","protected":false},"featured_media":0,"template":"","meta":[],"product_brand":[],"product_cat":[1125,1111,1065,1128,1129],"product_tag":[],"class_list":{"0":"post-102722","1":"product","2":"type-product","3":"status-publish","5":"product_cat-e0403-fr","6":"product_cat-e04-fr","7":"product_cat-e-fr","8":"product_cat-e0404-fr","9":"product_cat-e04040-fr","11":"first","12":"instock","13":"taxable","14":"shipping-taxable","15":"purchasable","16":"product-type-simple"},"_links":{"self":[{"href":"https:\/\/hantom.ch\/fr\/wp-json\/wp\/v2\/product\/102722","targetHints":{"allow":["GET"]}}],"collection":[{"href":"https:\/\/hantom.ch\/fr\/wp-json\/wp\/v2\/product"}],"about":[{"href":"https:\/\/hantom.ch\/fr\/wp-json\/wp\/v2\/types\/product"}],"wp:attachment":[{"href":"https:\/\/hantom.ch\/fr\/wp-json\/wp\/v2\/media?parent=102722"}],"wp:term":[{"taxonomy":"product_brand","embeddable":true,"href":"https:\/\/hantom.ch\/fr\/wp-json\/wp\/v2\/product_brand?post=102722"},{"taxonomy":"product_cat","embeddable":true,"href":"https:\/\/hantom.ch\/fr\/wp-json\/wp\/v2\/product_cat?post=102722"},{"taxonomy":"product_tag","embeddable":true,"href":"https:\/\/hantom.ch\/fr\/wp-json\/wp\/v2\/product_tag?post=102722"}],"curies":[{"name":"wp","href":"https:\/\/api.w.org\/{rel}","templated":true}]}}