{"id":102732,"date":"2026-04-15T03:01:24","date_gmt":"2026-04-15T01:01:24","guid":{"rendered":"https:\/\/hantom.ch\/product\/e0404084-bt-extremite-1kv-5-conducteurs-avec-cosse-a-visser-ev54-ds-010-025-m10-1-2\/"},"modified":"2026-04-01T10:35:58","modified_gmt":"2026-04-01T08:35:58","slug":"e0404084-bt-extremite-1kv-5-conducteurs-avec-cosse-a-visser-ev54-ds-010-025-m10-1-2","status":"publish","type":"product","link":"https:\/\/hantom.ch\/fr\/produit\/e0404084-bt-extremite-1kv-5-conducteurs-avec-cosse-a-visser-ev54-ds-010-025-m10-1-2\/","title":{"rendered":"E0404084 &#8211; BT Extr\u00e9mit\u00e9 1kV 5 conducteurs avec cosse \u00e0 visser EV54\/DS 010-025 \/ M10 (1)"},"content":{"rendered":"<p>BT Extr\u00e9mit\u00e9 thermor\u00e9tractable int\u00e9rieure 1 kV&#9;<br \/>cosse \u00e0 visser M10 \u00e9tanche longitudinalement avec <br \/>vis \u00e0 t\u00eate fusible<br \/>pour c\u00e2ble GKN 4 x 10&#8230;25\/10.. 25 mm2&#9;<br \/>avec conducteur Cu ou AL re, rm, sm ou se&#9;<br \/>Set \u00e0 1 pi\u00e8ce&#9;<\/p>\n","protected":false},"excerpt":{"rendered":"<p>BT Extr\u00e9mit\u00e9 thermor\u00e9tractable int\u00e9rieure 1 kV&#9;cosse \u00e0 visser M10 \u00e9tanche longitudinalement avec vis \u00e0 t\u00eate fusiblepour c\u00e2ble GKN 4 x 10&#8230;25\/10.. 25 mm2&#9;avec conducteur Cu ou AL re, rm, sm ou se&#9;Set \u00e0 1 pi\u00e8ce&#9;<\/p>\n","protected":false},"featured_media":0,"template":"","meta":[],"product_brand":[],"product_cat":[1125,1111,1065,1128,1129],"product_tag":[],"class_list":{"0":"post-102732","1":"product","2":"type-product","3":"status-publish","5":"product_cat-e0403-fr","6":"product_cat-e04-fr","7":"product_cat-e-fr","8":"product_cat-e0404-fr","9":"product_cat-e04040-fr","11":"first","12":"instock","13":"taxable","14":"shipping-taxable","15":"purchasable","16":"product-type-simple"},"_links":{"self":[{"href":"https:\/\/hantom.ch\/fr\/wp-json\/wp\/v2\/product\/102732","targetHints":{"allow":["GET"]}}],"collection":[{"href":"https:\/\/hantom.ch\/fr\/wp-json\/wp\/v2\/product"}],"about":[{"href":"https:\/\/hantom.ch\/fr\/wp-json\/wp\/v2\/types\/product"}],"wp:attachment":[{"href":"https:\/\/hantom.ch\/fr\/wp-json\/wp\/v2\/media?parent=102732"}],"wp:term":[{"taxonomy":"product_brand","embeddable":true,"href":"https:\/\/hantom.ch\/fr\/wp-json\/wp\/v2\/product_brand?post=102732"},{"taxonomy":"product_cat","embeddable":true,"href":"https:\/\/hantom.ch\/fr\/wp-json\/wp\/v2\/product_cat?post=102732"},{"taxonomy":"product_tag","embeddable":true,"href":"https:\/\/hantom.ch\/fr\/wp-json\/wp\/v2\/product_tag?post=102732"}],"curies":[{"name":"wp","href":"https:\/\/api.w.org\/{rel}","templated":true}]}}