{"id":102742,"date":"2026-04-17T02:47:00","date_gmt":"2026-04-17T00:47:00","guid":{"rendered":"https:\/\/hantom.ch\/product\/e0404103-bt-extremite-exterieure-1-kv-sans-connecteur-evf43-p-006-016-1-2\/"},"modified":"2026-04-01T10:36:06","modified_gmt":"2026-04-01T08:36:06","slug":"e0404103-bt-extremite-exterieure-1-kv-sans-connecteur-evf43-p-006-016-1-2","status":"publish","type":"product","link":"https:\/\/hantom.ch\/fr\/produit\/e0404103-bt-extremite-exterieure-1-kv-sans-connecteur-evf43-p-006-016-1-2\/","title":{"rendered":"E0404103 &#8211; BT Extr\u00e9mit\u00e9 ext\u00e9rieure 1 kV sans connecteur EVF43\/P 006-016 (1)"},"content":{"rendered":"<p>BT Extr\u00e9mit\u00e9 thermor\u00e9tractable ext\u00e9rieur 1 kV<br \/>sans connecteur<br \/> GKN 3 x 6&#8230;16\/6&#8230;16 mm2 <br \/>Set \u00e0 1 pce<\/p>\n","protected":false},"excerpt":{"rendered":"<p>BT Extr\u00e9mit\u00e9 thermor\u00e9tractable ext\u00e9rieur 1 kVsans connecteur GKN 3 x 6&#8230;16\/6&#8230;16 mm2 Set \u00e0 1 pce<\/p>\n","protected":false},"featured_media":33807,"template":"","meta":[],"product_brand":[],"product_cat":[1125,1111,1065,1128,1130],"product_tag":[],"class_list":{"0":"post-102742","1":"product","2":"type-product","3":"status-publish","4":"has-post-thumbnail","6":"product_cat-e0403-fr","7":"product_cat-e04-fr","8":"product_cat-e-fr","9":"product_cat-e0404-fr","10":"product_cat-e04041-fr","12":"first","13":"instock","14":"taxable","15":"shipping-taxable","16":"purchasable","17":"product-type-simple"},"_links":{"self":[{"href":"https:\/\/hantom.ch\/fr\/wp-json\/wp\/v2\/product\/102742","targetHints":{"allow":["GET"]}}],"collection":[{"href":"https:\/\/hantom.ch\/fr\/wp-json\/wp\/v2\/product"}],"about":[{"href":"https:\/\/hantom.ch\/fr\/wp-json\/wp\/v2\/types\/product"}],"wp:featuredmedia":[{"embeddable":true,"href":"https:\/\/hantom.ch\/fr\/wp-json\/wp\/v2\/media\/33807"}],"wp:attachment":[{"href":"https:\/\/hantom.ch\/fr\/wp-json\/wp\/v2\/media?parent=102742"}],"wp:term":[{"taxonomy":"product_brand","embeddable":true,"href":"https:\/\/hantom.ch\/fr\/wp-json\/wp\/v2\/product_brand?post=102742"},{"taxonomy":"product_cat","embeddable":true,"href":"https:\/\/hantom.ch\/fr\/wp-json\/wp\/v2\/product_cat?post=102742"},{"taxonomy":"product_tag","embeddable":true,"href":"https:\/\/hantom.ch\/fr\/wp-json\/wp\/v2\/product_tag?post=102742"}],"curies":[{"name":"wp","href":"https:\/\/api.w.org\/{rel}","templated":true}]}}